{"id":1003,"date":"2025-12-02T09:26:21","date_gmt":"2025-12-02T08:26:21","guid":{"rendered":"https:\/\/kollegger.net.astronomix.koerbler.com\/?page_id=1003"},"modified":"2025-12-17T10:57:35","modified_gmt":"2025-12-17T09:57:35","slug":"news","status":"publish","type":"page","link":"https:\/\/kollegger.net\/de\/news\/","title":{"rendered":"News"},"content":{"rendered":"<div id=\"fws_69f3db0ecb594\"  data-column-margin=\"custom\" data-midnight=\"dark\" data-bottom-percent=\"4%\"  class=\"wpb_row vc_row-fluid vc_row full-width-section  top_padding_tablet_15px\"  style=\"padding-top: 0px; padding-bottom: calc(100vw * 0.04); \"><div class=\"row-bg-wrap\" data-bg-animation=\"none\" data-bg-animation-delay=\"\" data-bg-overlay=\"false\"><div class=\"inner-wrap row-bg-layer\" ><div class=\"row-bg viewport-desktop\"  style=\"\"><\/div><\/div><\/div><div class=\"row_col_wrap_12 col span_12 dark left\">\n\t<div  class=\"vc_col-sm-12 wpb_column column_container vc_column_container col el_spacing_0px\"  data-padding-pos=\"all\" data-has-bg-color=\"false\" data-bg-color=\"\" data-bg-opacity=\"1\" data-animation=\"\" data-delay=\"0\" >\n\t\t<div class=\"vc_column-inner\" >\n\t\t\t<div class=\"wpb_wrapper\">\n\t\t\t\t<div id=\"fws_69f3db0ecba59\" data-midnight=\"\" data-column-margin=\"default\" class=\"wpb_row vc_row-fluid vc_row inner_row\"  style=\"\"><div class=\"row-bg-wrap\"> <div class=\"row-bg\" ><\/div> <\/div><div class=\"row_col_wrap_12_inner col span_12  left\">\n\t<div style=\"margin-bottom: -15px; \" class=\"vc_col-sm-12 wpb_column column_container vc_column_container col child_column has-animation no-extra-padding el_spacing_0px bottom_margin_tablet_0px inherit_tablet inherit_phone\"   data-padding-pos=\"all\" data-has-bg-color=\"false\" data-bg-color=\"\" data-bg-opacity=\"1\" data-animation=\"fade-in\" data-delay=\"0\" data-animation-easing=\"easeOutSine\" >\n\t\t<div class=\"vc_column-inner\" >\n\t\t<div class=\"wpb_wrapper\">\n\t\t\t<div class=\"nectar-split-heading\" data-align=\"default\" data-m-align=\"inherit\" data-text-effect=\"none\" data-animation-type=\"line-reveal-by-space\" data-animation-delay=\"0\" data-animation-offset=\"\" data-m-rm-animation=\"\" data-stagger=\"\" data-custom-font-size=\"true\" data-has-fit-text=\"true\" style=\"font-size: 13.6vw; line-height: 14.96vw;\"><h2 >NEWS<\/h2><\/div>\n\t\t<\/div> \n\t<\/div>\n\t<\/div> \n<\/div><\/div><div class='nectar-post-grid-wrap text-color-dark additional-meta-size-small spacing-15px' data-el-settings='{\"post_type\":\"post\",\"pagination\":\"none\",\"image_size\":\"large\",\"parallax_scrolling\":\"yes\",\"aspect_ratio_image_size\":\"\",\"category_position\":\"default\",\"category_display\":\"parent_only\",\"display_categories\":\"yes\",\"display_excerpt\":\"0\",\"excerpt_length\":\"20\",\"display_date\":\"yes\",\"display_estimated_reading_time\":\"0\",\"display_author\":\"yes\",\"author_functionality\":\"default\",\"author_position\":\"multiline\",\"color_overlay\":\"\",\"color_overlay_opacity\":\"0.3\",\"color_overlay_hover_opacity\":\"0.4\",\"card_bg_color\":\"\",\"grid_style\":\"content_overlaid\",\"hover_effect\":\"zoom\",\"post_title_overlay\":\"\",\"heading_tag\":\"h2\",\"heading_tag_render\":\"default\",\"enable_gallery_lightbox\":\"0\",\"category_style\":\"button\",\"overlay_secondary_project_image\":\"\",\"vertical_list_hover_effect\":\"none\",\"vertical_list_read_more\":\"\",\"read_more_button\":\"0\",\"animation\":\"fade-in-from-bottom\",\"custom_fields\":\"\",\"custom_fields_location\":\"before_post_meta\",\"display_type\":\"grid\"}' data-style='content_overlaid' data-query='{\"post_type\":\"post\",\"posts_per_page\":\"5\",\"order\":\"DESC\",\"orderby\":\"date\",\"offset\":\"0\",\"cpt_name\":\"post\",\"custom_query_tax\":\"\",\"ignore_sticky_posts\":\"\",\"exclude_current_post\":\"\"}' data-load-more-color='black' data-load-more-text='Load More'><div class=\"nectar-post-grid-filters\" data-active-color=\"default\" data-align=\"default\" data-animation=\"fade-in-from-bottom\" data-sortable=\"\"><div><a href=\"#\" data-filter=\"blog\" data-total-count=\"3\">Blog<\/a><\/div><\/div><div class=\"nectar-post-grid custom_font_size_1-3vw font_size_min_16px font_size_max_24px font_line_height_1-4 text-opacity-1 text-opacity-hover-1 layout-mixed category-position-before-title meta-display-large_items_only\" data-indicator=\"\" data-indicator-style=\"default\" data-indicator-text-color=\"#fff\" data-indicator-color=\"#000\" data-indicator-text=\"View\" data-masonry=\"yes\" data-columns=\"4\" data-hover-effect=\"zoom\" data-text-style=\"default\" data-border-radius=\"10px\" data-grid-item-height=\"30vh\" data-grid-spacing=\"15px\" data-text-layout=\"all_top_left\" data-text-color=\"dark\" data-text-hover-color=\"light\" data-shadow-hover=\"\" data-animation=\"fade-in-from-bottom\" data-animation-stagger=\"90\" data-cat-click=\"default\" style=\"--post-grid-border-radius:10px;\" ><div class=\"nectar-post-grid-item\" data-post-id=\"1012\" data-has-img=\"true\"> <div class=\"inner\"><div class=\"nectar-post-grid-item-bg-wrap\"><div class=\"nectar-el-parallax-scroll\" data-scroll-animation=\"true\" data-scroll-animation-mobile=\"true\" data-scroll-animation-intensity=\"-0.75\" data-scroll-animation-lerp=\"1\"><div class=\"nectar-post-grid-item-bg-wrap-inner\"><div class=\"nectar-post-grid-item-bg\"><img decoding=\"async\" width=\"1024\" height=\"683\" data-src=\"https:\/\/kollegger.net\/wp-content\/uploads\/2025\/11\/with-arms-crossed-construction-worker-in-uniform-2025-03-18-20-15-46-utc1-1024x683.jpg\" class=\"attachment-large size-large wp-post-image lazyload\" alt=\"\" data-srcset=\"https:\/\/kollegger.net\/wp-content\/uploads\/2025\/11\/with-arms-crossed-construction-worker-in-uniform-2025-03-18-20-15-46-utc1-1024x683.jpg 1024w, https:\/\/kollegger.net\/wp-content\/uploads\/2025\/11\/with-arms-crossed-construction-worker-in-uniform-2025-03-18-20-15-46-utc1-300x200.jpg 300w, https:\/\/kollegger.net\/wp-content\/uploads\/2025\/11\/with-arms-crossed-construction-worker-in-uniform-2025-03-18-20-15-46-utc1-768x512.jpg 768w, https:\/\/kollegger.net\/wp-content\/uploads\/2025\/11\/with-arms-crossed-construction-worker-in-uniform-2025-03-18-20-15-46-utc1-1536x1024.jpg 1536w, https:\/\/kollegger.net\/wp-content\/uploads\/2025\/11\/with-arms-crossed-construction-worker-in-uniform-2025-03-18-20-15-46-utc1-2048x1365.jpg 2048w, https:\/\/kollegger.net\/wp-content\/uploads\/2025\/11\/with-arms-crossed-construction-worker-in-uniform-2025-03-18-20-15-46-utc1-900x600.jpg 900w\" data-sizes=\"(max-width: 1024px) 100vw, 1024px\" src=\"data:image\/svg+xml;base64,PHN2ZyB3aWR0aD0iMSIgaGVpZ2h0PSIxIiB4bWxucz0iaHR0cDovL3d3dy53My5vcmcvMjAwMC9zdmciPjwvc3ZnPg==\" style=\"--smush-placeholder-width: 1024px; --smush-placeholder-aspect-ratio: 1024\/683;\" \/><\/div><\/div><\/div><\/div><div class=\"bg-overlay\"  data-opacity=\"0.3\" data-hover-opacity=\"0.4\"><\/div><div class=\"content\"><a class=\"nectar-post-grid-link\" href=\"https:\/\/kollegger.net\/de\/2025\/12\/02\/hallo-welt-copy-2\/\" ><span class=\"screen-reader-text\">Wir suchen Dich!<\/span><\/a><span class=\"meta-category\"><a class=\"blog style-button\" href=\"https:\/\/kollegger.net\/de\/category\/blog\/\">Blog<\/a><\/span><div class=\"item-main\"><h2 class=\"post-heading\"><a href=\"https:\/\/kollegger.net\/de\/2025\/12\/02\/hallo-welt-copy-2\/\"><span>Wir suchen Dich!<\/span><\/a><\/h2><span class=\"nectar-post-grid-item__meta-wrap\"><\/span><span class=\"meta-author\"><img alt='kollegger' data-src='https:\/\/secure.gravatar.com\/avatar\/a51e758df70e10eef8bb08badaa7dd91b066244534bc3a784e9f448d4fc16798?s=40&#038;d=mm&#038;r=g' data-srcset='https:\/\/secure.gravatar.com\/avatar\/a51e758df70e10eef8bb08badaa7dd91b066244534bc3a784e9f448d4fc16798?s=80&#038;d=mm&#038;r=g 2x' class='avatar avatar-40 photo lazyload' height='40' width='40' src='data:image\/svg+xml;base64,PHN2ZyB3aWR0aD0iMSIgaGVpZ2h0PSIxIiB4bWxucz0iaHR0cDovL3d3dy53My5vcmcvMjAwMC9zdmciPjwvc3ZnPg==' style='--smush-placeholder-width: 40px; --smush-placeholder-aspect-ratio: 40\/40;' \/><span class=\"meta-author-inner\"><a href=\"https:\/\/kollegger.net\/de\/author\/kollegger\/\"><span class=\"meta-author-name\">kollegger<\/span><\/a><span><span class=\"meta-date\">2. Dezember 2025<\/span><\/span><\/span><\/span><\/div><\/div><\/div><\/div><div class=\"nectar-post-grid-item\" data-post-id=\"1180\" data-has-img=\"true\"> <div class=\"inner\"><div class=\"nectar-post-grid-item-bg-wrap\"><div class=\"nectar-el-parallax-scroll\" data-scroll-animation=\"true\" data-scroll-animation-mobile=\"true\" data-scroll-animation-intensity=\"-0.75\" data-scroll-animation-lerp=\"1\"><div class=\"nectar-post-grid-item-bg-wrap-inner\"><div class=\"nectar-post-grid-item-bg\"><img decoding=\"async\" width=\"1024\" height=\"683\" data-src=\"https:\/\/kollegger.net\/wp-content\/uploads\/2025\/12\/image00023-1024x683.jpeg\" class=\"attachment-large size-large wp-post-image lazyload\" alt=\"\" data-srcset=\"https:\/\/kollegger.net\/wp-content\/uploads\/2025\/12\/image00023-1024x683.jpeg 1024w, https:\/\/kollegger.net\/wp-content\/uploads\/2025\/12\/image00023-300x200.jpeg 300w, https:\/\/kollegger.net\/wp-content\/uploads\/2025\/12\/image00023-768x512.jpeg 768w, https:\/\/kollegger.net\/wp-content\/uploads\/2025\/12\/image00023-1536x1024.jpeg 1536w, https:\/\/kollegger.net\/wp-content\/uploads\/2025\/12\/image00023-2048x1365.jpeg 2048w, https:\/\/kollegger.net\/wp-content\/uploads\/2025\/12\/image00023-18x12.jpeg 18w, https:\/\/kollegger.net\/wp-content\/uploads\/2025\/12\/image00023-900x600.jpeg 900w\" data-sizes=\"(max-width: 1024px) 100vw, 1024px\" src=\"data:image\/svg+xml;base64,PHN2ZyB3aWR0aD0iMSIgaGVpZ2h0PSIxIiB4bWxucz0iaHR0cDovL3d3dy53My5vcmcvMjAwMC9zdmciPjwvc3ZnPg==\" style=\"--smush-placeholder-width: 1024px; --smush-placeholder-aspect-ratio: 1024\/683;\" \/><\/div><\/div><\/div><\/div><div class=\"bg-overlay\"  data-opacity=\"0.3\" data-hover-opacity=\"0.4\"><\/div><div class=\"content\"><a class=\"nectar-post-grid-link\" href=\"https:\/\/kollegger.net\/de\/2025\/10\/08\/last-project\/\" ><span class=\"screen-reader-text\">letztes Projekt H\u00fcttengaudi Leogang<\/span><\/a><span class=\"meta-category\"><a class=\"blog style-button\" href=\"https:\/\/kollegger.net\/de\/category\/blog\/\">Blog<\/a><\/span><div class=\"item-main\"><h2 class=\"post-heading\"><a href=\"https:\/\/kollegger.net\/de\/2025\/10\/08\/last-project\/\"><span>letztes Projekt H\u00fcttengaudi Leogang<\/span><\/a><\/h2><span class=\"nectar-post-grid-item__meta-wrap\"><\/span><span class=\"meta-author\"><img alt='kollegger' data-src='https:\/\/secure.gravatar.com\/avatar\/a51e758df70e10eef8bb08badaa7dd91b066244534bc3a784e9f448d4fc16798?s=40&#038;d=mm&#038;r=g' data-srcset='https:\/\/secure.gravatar.com\/avatar\/a51e758df70e10eef8bb08badaa7dd91b066244534bc3a784e9f448d4fc16798?s=80&#038;d=mm&#038;r=g 2x' class='avatar avatar-40 photo lazyload' height='40' width='40' src='data:image\/svg+xml;base64,PHN2ZyB3aWR0aD0iMSIgaGVpZ2h0PSIxIiB4bWxucz0iaHR0cDovL3d3dy53My5vcmcvMjAwMC9zdmciPjwvc3ZnPg==' style='--smush-placeholder-width: 40px; --smush-placeholder-aspect-ratio: 40\/40;' \/><span class=\"meta-author-inner\"><a href=\"https:\/\/kollegger.net\/de\/author\/kollegger\/\"><span class=\"meta-author-name\">kollegger<\/span><\/a><span><span class=\"meta-date\">8. Oktober 2025<\/span><\/span><\/span><\/span><\/div><\/div><\/div><\/div><div class=\"nectar-post-grid-item\" data-post-id=\"1289\" data-has-img=\"true\"> <div class=\"inner\"><div class=\"nectar-post-grid-item-bg-wrap\"><div class=\"nectar-el-parallax-scroll\" data-scroll-animation=\"true\" data-scroll-animation-mobile=\"true\" data-scroll-animation-intensity=\"-0.75\" data-scroll-animation-lerp=\"1\"><div class=\"nectar-post-grid-item-bg-wrap-inner\"><div class=\"nectar-post-grid-item-bg\"><img decoding=\"async\" width=\"931\" height=\"1024\" data-src=\"https:\/\/kollegger.net\/wp-content\/uploads\/2025\/12\/award-1-931x1024.jpg\" class=\"attachment-large size-large wp-post-image lazyload\" alt=\"\" data-srcset=\"https:\/\/kollegger.net\/wp-content\/uploads\/2025\/12\/award-1-931x1024.jpg 931w, https:\/\/kollegger.net\/wp-content\/uploads\/2025\/12\/award-1-273x300.jpg 273w, https:\/\/kollegger.net\/wp-content\/uploads\/2025\/12\/award-1-768x845.jpg 768w, https:\/\/kollegger.net\/wp-content\/uploads\/2025\/12\/award-1-1396x1536.jpg 1396w, https:\/\/kollegger.net\/wp-content\/uploads\/2025\/12\/award-1-1862x2048.jpg 1862w, https:\/\/kollegger.net\/wp-content\/uploads\/2025\/12\/award-1-11x12.jpg 11w\" data-sizes=\"(max-width: 931px) 100vw, 931px\" src=\"data:image\/svg+xml;base64,PHN2ZyB3aWR0aD0iMSIgaGVpZ2h0PSIxIiB4bWxucz0iaHR0cDovL3d3dy53My5vcmcvMjAwMC9zdmciPjwvc3ZnPg==\" style=\"--smush-placeholder-width: 931px; --smush-placeholder-aspect-ratio: 931\/1024;\" \/><\/div><\/div><\/div><\/div><div class=\"bg-overlay\"  data-opacity=\"0.3\" data-hover-opacity=\"0.4\"><\/div><div class=\"content\"><a class=\"nectar-post-grid-link\" href=\"https:\/\/kollegger.net\/de\/2025\/09\/02\/1173-copy\/\" ><span class=\"screen-reader-text\">Gewinner A-Award 2025<\/span><\/a><span class=\"meta-category\"><a class=\"blog style-button\" href=\"https:\/\/kollegger.net\/de\/category\/blog\/\">Blog<\/a><\/span><div class=\"item-main\"><h2 class=\"post-heading\"><a href=\"https:\/\/kollegger.net\/de\/2025\/09\/02\/1173-copy\/\"><span>Gewinner A-Award 2025<\/span><\/a><\/h2><span class=\"nectar-post-grid-item__meta-wrap\"><\/span><span class=\"meta-author\"><img alt='kollegger' data-src='https:\/\/secure.gravatar.com\/avatar\/a51e758df70e10eef8bb08badaa7dd91b066244534bc3a784e9f448d4fc16798?s=40&#038;d=mm&#038;r=g' data-srcset='https:\/\/secure.gravatar.com\/avatar\/a51e758df70e10eef8bb08badaa7dd91b066244534bc3a784e9f448d4fc16798?s=80&#038;d=mm&#038;r=g 2x' class='avatar avatar-40 photo lazyload' height='40' width='40' src='data:image\/svg+xml;base64,PHN2ZyB3aWR0aD0iMSIgaGVpZ2h0PSIxIiB4bWxucz0iaHR0cDovL3d3dy53My5vcmcvMjAwMC9zdmciPjwvc3ZnPg==' style='--smush-placeholder-width: 40px; --smush-placeholder-aspect-ratio: 40\/40;' \/><span class=\"meta-author-inner\"><a href=\"https:\/\/kollegger.net\/de\/author\/kollegger\/\"><span class=\"meta-author-name\">kollegger<\/span><\/a><span><span class=\"meta-date\">2. September 2025<\/span><\/span><\/span><\/span><\/div><\/div><\/div><\/div><\/div><\/div>\n\t\t\t<\/div> \n\t\t<\/div>\n\t<\/div> \n<\/div><\/div>","protected":false},"excerpt":{"rendered":"\ud83c\udfc6 Architizer A+Product Award 2025 \u2013 HIRT kinetics Sets New Standards \ud83c\udfc6 Award-Winning Innovation Meets Alpine Excellence: Our Success &amp; the Krallerhof We are delighted to share some exciting news:...","protected":false},"author":1,"featured_media":0,"parent":0,"menu_order":0,"comment_status":"closed","ping_status":"closed","template":"","meta":{"footnotes":""},"class_list":["post-1003","page","type-page","status-publish"],"yoast_head":"<!-- This site is optimized with the Yoast SEO plugin v26.5 - https:\/\/yoast.com\/wordpress\/plugins\/seo\/ -->\n<title>News - Kollegger Metallbau GmbH<\/title>\n<meta name=\"robots\" content=\"index, follow, max-snippet:-1, max-image-preview:large, max-video-preview:-1\" \/>\n<link rel=\"canonical\" href=\"https:\/\/kollegger.net\/de\/news\/\" \/>\n<meta property=\"og:locale\" content=\"de_DE\" \/>\n<meta property=\"og:type\" content=\"article\" \/>\n<meta property=\"og:title\" content=\"News - Kollegger Metallbau GmbH\" \/>\n<meta property=\"og:url\" content=\"https:\/\/kollegger.net\/de\/news\/\" \/>\n<meta property=\"og:site_name\" content=\"Kollegger Metallbau GmbH\" \/>\n<meta property=\"article:modified_time\" content=\"2025-12-17T09:57:35+00:00\" \/>\n<meta name=\"twitter:card\" content=\"summary_large_image\" \/>\n<meta name=\"twitter:label1\" content=\"Gesch\u00e4tzte Lesezeit\" \/>\n\t<meta name=\"twitter:data1\" content=\"1\u00a0Minute\" \/>\n<script type=\"application\/ld+json\" class=\"yoast-schema-graph\">{\"@context\":\"https:\/\/schema.org\",\"@graph\":[{\"@type\":\"WebPage\",\"@id\":\"https:\/\/kollegger.net\/news\/\",\"url\":\"https:\/\/kollegger.net\/news\/\",\"name\":\"News - Kollegger Metallbau GmbH\",\"isPartOf\":{\"@id\":\"https:\/\/kollegger.net\/#website\"},\"datePublished\":\"2025-12-02T08:26:21+00:00\",\"dateModified\":\"2025-12-17T09:57:35+00:00\",\"breadcrumb\":{\"@id\":\"https:\/\/kollegger.net\/news\/#breadcrumb\"},\"inLanguage\":\"de\",\"potentialAction\":[{\"@type\":\"ReadAction\",\"target\":[\"https:\/\/kollegger.net\/news\/\"]}]},{\"@type\":\"BreadcrumbList\",\"@id\":\"https:\/\/kollegger.net\/news\/#breadcrumb\",\"itemListElement\":[{\"@type\":\"ListItem\",\"position\":1,\"name\":\"Startseite\",\"item\":\"https:\/\/kollegger.net\/\"},{\"@type\":\"ListItem\",\"position\":2,\"name\":\"News\"}]},{\"@type\":\"WebSite\",\"@id\":\"https:\/\/kollegger.net\/#website\",\"url\":\"https:\/\/kollegger.net\/\",\"name\":\"Kollegger\",\"description\":\"Kollegger Metallbau \u2013 Pr\u00e4zisionsmetallbau f\u00fcr Architektur und Industrie in \u00d6sterreich Metallbau \u2013 Ma\u00dfgeschneiderter Metallbau in \u00d6sterreich\",\"publisher\":{\"@id\":\"https:\/\/kollegger.net\/#organization\"},\"potentialAction\":[{\"@type\":\"SearchAction\",\"target\":{\"@type\":\"EntryPoint\",\"urlTemplate\":\"https:\/\/kollegger.net\/?s={search_term_string}\"},\"query-input\":{\"@type\":\"PropertyValueSpecification\",\"valueRequired\":true,\"valueName\":\"search_term_string\"}}],\"inLanguage\":\"de\"},{\"@type\":\"Organization\",\"@id\":\"https:\/\/kollegger.net\/#organization\",\"name\":\"Kollegger\",\"url\":\"https:\/\/kollegger.net\/\",\"logo\":{\"@type\":\"ImageObject\",\"inLanguage\":\"de\",\"@id\":\"https:\/\/kollegger.net\/#\/schema\/logo\/image\/\",\"url\":\"https:\/\/kollegger.net\/wp-content\/uploads\/2025\/02\/kl.png\",\"contentUrl\":\"https:\/\/kollegger.net\/wp-content\/uploads\/2025\/02\/kl.png\",\"width\":295,\"height\":294,\"caption\":\"Kollegger\"},\"image\":{\"@id\":\"https:\/\/kollegger.net\/#\/schema\/logo\/image\/\"}}]}<\/script>\n<!-- \/ Yoast SEO plugin. -->","yoast_head_json":{"title":"News - Kollegger Metallbau GmbH","robots":{"index":"index","follow":"follow","max-snippet":"max-snippet:-1","max-image-preview":"max-image-preview:large","max-video-preview":"max-video-preview:-1"},"canonical":"https:\/\/kollegger.net\/de\/news\/","og_locale":"de_DE","og_type":"article","og_title":"News - Kollegger Metallbau GmbH","og_url":"https:\/\/kollegger.net\/de\/news\/","og_site_name":"Kollegger Metallbau GmbH","article_modified_time":"2025-12-17T09:57:35+00:00","twitter_card":"summary_large_image","twitter_misc":{"Gesch\u00e4tzte Lesezeit":"1\u00a0Minute"},"schema":{"@context":"https:\/\/schema.org","@graph":[{"@type":"WebPage","@id":"https:\/\/kollegger.net\/news\/","url":"https:\/\/kollegger.net\/news\/","name":"News - Kollegger Metallbau GmbH","isPartOf":{"@id":"https:\/\/kollegger.net\/#website"},"datePublished":"2025-12-02T08:26:21+00:00","dateModified":"2025-12-17T09:57:35+00:00","breadcrumb":{"@id":"https:\/\/kollegger.net\/news\/#breadcrumb"},"inLanguage":"de","potentialAction":[{"@type":"ReadAction","target":["https:\/\/kollegger.net\/news\/"]}]},{"@type":"BreadcrumbList","@id":"https:\/\/kollegger.net\/news\/#breadcrumb","itemListElement":[{"@type":"ListItem","position":1,"name":"Startseite","item":"https:\/\/kollegger.net\/"},{"@type":"ListItem","position":2,"name":"News"}]},{"@type":"WebSite","@id":"https:\/\/kollegger.net\/#website","url":"https:\/\/kollegger.net\/","name":"Kollegger Metallbau \u2013 Pr\u00e4zisionsmetallbau f\u00fcr Architektur und Industrie in \u00d6sterreich","description":"Kollegger Metallbau \u2013 Pr\u00e4zisionsmetallbau f\u00fcr Architektur und Industrie in \u00d6sterreich Metallbau \u2013 Ma\u00dfgeschneiderter Metallbau in \u00d6sterreich","publisher":{"@id":"https:\/\/kollegger.net\/#organization"},"potentialAction":[{"@type":"SearchAction","target":{"@type":"EntryPoint","urlTemplate":"https:\/\/kollegger.net\/?s={search_term_string}"},"query-input":{"@type":"PropertyValueSpecification","valueRequired":true,"valueName":"search_term_string"}}],"inLanguage":"de"},{"@type":"Organization","@id":"https:\/\/kollegger.net\/#organization","name":"Kollegger Metallbau \u2013 Pr\u00e4zisionsmetallbau f\u00fcr Architektur und Industrie in \u00d6sterreich","url":"https:\/\/kollegger.net\/","logo":{"@type":"ImageObject","inLanguage":"de","@id":"https:\/\/kollegger.net\/#\/schema\/logo\/image\/","url":"https:\/\/kollegger.net\/wp-content\/uploads\/2025\/02\/kl.png","contentUrl":"https:\/\/kollegger.net\/wp-content\/uploads\/2025\/02\/kl.png","width":295,"height":294,"caption":"Kollegger"},"image":{"@id":"https:\/\/kollegger.net\/#\/schema\/logo\/image\/"}}]}},"_links":{"self":[{"href":"https:\/\/kollegger.net\/de\/wp-json\/wp\/v2\/pages\/1003","targetHints":{"allow":["GET"]}}],"collection":[{"href":"https:\/\/kollegger.net\/de\/wp-json\/wp\/v2\/pages"}],"about":[{"href":"https:\/\/kollegger.net\/de\/wp-json\/wp\/v2\/types\/page"}],"author":[{"embeddable":true,"href":"https:\/\/kollegger.net\/de\/wp-json\/wp\/v2\/users\/1"}],"replies":[{"embeddable":true,"href":"https:\/\/kollegger.net\/de\/wp-json\/wp\/v2\/comments?post=1003"}],"version-history":[{"count":12,"href":"https:\/\/kollegger.net\/de\/wp-json\/wp\/v2\/pages\/1003\/revisions"}],"predecessor-version":[{"id":1263,"href":"https:\/\/kollegger.net\/de\/wp-json\/wp\/v2\/pages\/1003\/revisions\/1263"}],"wp:attachment":[{"href":"https:\/\/kollegger.net\/de\/wp-json\/wp\/v2\/media?parent=1003"}],"curies":[{"name":"wp","href":"https:\/\/api.w.org\/{rel}","templated":true}]}}