{"id":1349,"date":"2025-12-19T14:44:39","date_gmt":"2025-12-19T13:44:39","guid":{"rendered":"https:\/\/kollegger.net\/?page_id=1349"},"modified":"2025-12-19T14:48:19","modified_gmt":"2025-12-19T13:48:19","slug":"hirt-kinetics-sf-xl","status":"publish","type":"page","link":"https:\/\/kollegger.net\/de\/hirt-kinetics-sf-xl\/","title":{"rendered":"hirt-kinetics-sf-XL"},"content":{"rendered":"<div id=\"fws_69e31c541bd06\"  data-column-margin=\"default\" data-midnight=\"light\" data-top-percent=\"12%\" data-bottom-percent=\"12%\"  class=\"wpb_row vc_row-fluid vc_row full-width-content vc_row-o-equal-height vc_row-flex vc_row-o-content-top parallax_section right_padding_10pct left_padding_10pct top_padding_tablet_25pct\"  style=\"padding-top: calc(100vw * 0.12); padding-bottom: calc(100vw * 0.12); \"><div class=\"row-bg-wrap\" data-bg-animation=\"zoom-out-slow\" data-bg-animation-delay=\"\" data-bg-overlay=\"true\"><div class=\"inner-wrap row-bg-layer using-image\" ><div class=\"row-bg viewport-desktop using-image using-bg-color lazyload\" data-parallax-speed=\"fast\" style=\"background-image:inherit; background-position: center center; background-repeat: no-repeat; background-color: #566678; \" data-bg-image=\"url(https:\/\/kollegger.net\/wp-content\/uploads\/2025\/10\/Montreux-CH-1.jpg)\"><\/div><\/div><div class=\"row-bg-overlay row-bg-layer\" style=\"background: rgba(10,10,10,0.4); background: linear-gradient(to bottom,rgba(10,10,10,0.4) 0%,#0a0a0a 100%);  opacity: 0.95; \"><\/div><\/div><div class=\"row_col_wrap_12 col span_12 light left\">\n\t<div  class=\"vc_col-sm-12 wpb_column column_container vc_column_container col centered-text no-extra-padding el_spacing_0px inherit_tablet inherit_phone\"  data-padding-pos=\"all\" data-has-bg-color=\"false\" data-bg-color=\"\" data-bg-opacity=\"1\" data-animation=\"\" data-delay=\"0\" >\n\t\t<div class=\"vc_column-inner\" >\n\t\t\t<div class=\"wpb_wrapper\">\n\t\t\t\t<div id=\"fws_69e31c541c173\" data-midnight=\"\" data-column-margin=\"none\" class=\"wpb_row vc_row-fluid vc_row inner_row\"  style=\" z-index: 100;\"><div class=\"row-bg-wrap\"> <div class=\"row-bg\" ><\/div> <\/div><div class=\"row_col_wrap_12_inner col span_12  left\">\n\t<div  class=\"vc_col-sm-12 wpb_column column_container vc_column_container col child_column no-extra-padding inherit_tablet inherit_phone\"   data-padding-pos=\"all\" data-has-bg-color=\"false\" data-bg-color=\"\" data-bg-opacity=\"1\" data-animation=\"\" data-delay=\"0\" >\n\t\t<div class=\"vc_column-inner\" >\n\t\t<div class=\"wpb_wrapper\">\n\t\t\t<div class=\"nectar-split-heading  font_size_8vw\" data-align=\"default\" data-m-align=\"inherit\" data-text-effect=\"letter-reveal-bottom\" data-animation-type=\"line-reveal-by-space\" data-animation-delay=\"0\" data-animation-offset=\"\" data-m-rm-animation=\"\" data-stagger=\"true\" data-custom-font-size=\"true\" style=\"font-size: 8vw; line-height: 8.8vw;\"><h1 >HIRT kinetics SF XL<\/h1><\/div>\n\t\t<\/div> \n\t<\/div>\n\t<\/div> \n<\/div><\/div><div id=\"fws_69e31c541c59b\" data-midnight=\"\" data-column-margin=\"default\" class=\"wpb_row vc_row-fluid vc_row inner_row  right_padding_30pct left_padding_30pct right_padding_tablet_15pct right_padding_phone_8pct left_padding_tablet_15pct left_padding_phone_8pct\"  style=\"\"><div class=\"row-bg-wrap\"> <div class=\"row-bg\" ><\/div> <\/div><div class=\"row_col_wrap_12_inner col span_12  left\">\n\t<div  class=\"vc_col-sm-12 wpb_column column_container vc_column_container col child_column no-extra-padding inherit_tablet inherit_phone\"   data-padding-pos=\"all\" data-has-bg-color=\"false\" data-bg-color=\"\" data-bg-opacity=\"1\" data-animation=\"\" data-delay=\"0\" >\n\t\t<div class=\"vc_column-inner\" >\n\t\t<div class=\"wpb_wrapper\">\n\t\t\t<div class=\"nectar-split-heading  font_size_1-1vw font_size_tablet_18px font_size_phone_16px font_line_height_1-6\" data-align=\"default\" data-m-align=\"inherit\" data-text-effect=\"default\" data-animation-type=\"line-reveal-by-space\" data-animation-delay=\"500\" data-animation-offset=\"100%\" data-m-rm-animation=\"\" data-stagger=\"true\" data-custom-font-size=\"true\" style=\"font-size: 1.1vw; line-height: 1.21vw;\"><p >W\u00e4hrend HIRT kinetics SF XL auf demselben Prinzip wie SF 90 basieren, sind sie f\u00fcr deutlich gr\u00f6\u00dfere Dimensionen ausgelegt: Ein schwebender Rahmen erm\u00f6glicht ein elegantes Absenken nach unten, bis das Element vollst\u00e4ndig im Boden versenkt ist.<\/p>\n<p>HIRT kinetics SF XL erm\u00f6glicht spektakul\u00e4re Dimensionen von bis zu 12 m Breite und 6 m H\u00f6he. Zus\u00e4tzlich k\u00f6nnen Ecken in jedem beliebigen Winkel ausgef\u00fchrt werden. Ihrer Kreativit\u00e4t sind keine Grenzen gesetzt.<\/p><\/div>\n\t\t<\/div> \n\t<\/div>\n\t<\/div> \n<\/div><\/div>\n\t\t\t<\/div> \n\t\t<\/div>\n\t<\/div> \n<\/div><\/div>\n\t\t<div id=\"about\"  data-column-margin=\"90px\" data-midnight=\"dark\" data-top-percent=\"12%\" data-bottom-percent=\"9%\"  class=\"wpb_row vc_row-fluid vc_row vc_row-o-equal-height vc_row-flex vc_row-o-content-middle\"  style=\"padding-top: calc(100vw * 0.12); padding-bottom: calc(100vw * 0.09); \"><div class=\"row-bg-wrap\" data-bg-animation=\"none\" data-bg-animation-delay=\"\" data-bg-overlay=\"false\"><div class=\"inner-wrap row-bg-layer\" ><div class=\"row-bg viewport-desktop\"  style=\"\"><\/div><\/div><\/div><div class=\"row_col_wrap_12 col span_12 dark left\">\n\t<div style=\"\" class=\"vc_col-sm-6 wpb_column column_container vc_column_container col padding-5-percent inherit_tablet inherit_phone\" data-using-bg=\"true\" data-bg-cover=\"true\" data-padding-pos=\"all\" data-has-bg-color=\"false\" data-bg-color=\"\" data-bg-opacity=\"1\" data-animation=\"\" data-delay=\"0\" >\n\t\t<div class=\"vc_column-inner\" ><div class=\"column-image-bg-wrap column-bg-layer viewport-desktop\" data-bg-pos=\"center center\" data-bg-animation=\"zoom-out-reveal\" data-bg-overlay=\"false\"><div class=\"inner-wrap\"><div class=\"column-image-bg lazyload\" style=\" background-image:inherit; \" data-bg-image=\"url(&#039;https:\/\/kollegger.net\/wp-content\/uploads\/2025\/10\/Montreux-CH-4.jpg&#039;)\"><\/div><\/div><\/div>\n\t\t\t<div class=\"wpb_wrapper\">\n\t\t\t\t<div class=\"divider-wrap\" data-alignment=\"default\"><div style=\"height: 300px;\" class=\"divider\"><\/div><\/div>\n\t\t\t<\/div> \n\t\t<\/div>\n\t<\/div> \n\n\t<div  class=\"vc_col-sm-6 wpb_column column_container vc_column_container col padding-2-percent inherit_tablet inherit_phone\"  data-padding-pos=\"top-bottom\" data-has-bg-color=\"false\" data-bg-color=\"\" data-bg-opacity=\"1\" data-animation=\"\" data-delay=\"0\" >\n\t\t<div class=\"vc_column-inner\" >\n\t\t\t<div class=\"wpb_wrapper\">\n\t\t\t\t<div class=\"nectar-split-heading\" data-align=\"default\" data-m-align=\"inherit\" data-text-effect=\"default\" data-animation-type=\"line-reveal-by-space\" data-animation-delay=\"0\" data-animation-offset=\"\" data-m-rm-animation=\"\" data-stagger=\"\" data-custom-font-size=\"false\" ><h2 style=\"max-width: 450px;\">HIRT kinetics SF XL<\/h2><\/div><div id=\"fws_69e31c541d3a3\" data-midnight=\"\" data-column-margin=\"default\" class=\"wpb_row vc_row-fluid vc_row inner_row\"  style=\"\"><div class=\"row-bg-wrap\"> <div class=\"row-bg\" ><\/div> <\/div><div class=\"row_col_wrap_12_inner col span_12  left\">\n\t<div  class=\"vc_col-sm-12 wpb_column column_container vc_column_container col child_column has-animation no-extra-padding inherit_tablet inherit_phone\"   data-padding-pos=\"all\" data-has-bg-color=\"false\" data-bg-color=\"\" data-bg-opacity=\"1\" data-animation=\"fade-in-from-bottom\" data-delay=\"0\" >\n\t\t<div class=\"vc_column-inner\" >\n\t\t<div class=\"wpb_wrapper\">\n\t\t\t\n<div class=\"wpb_text_column wpb_content_element\" style=\" max-width: 500px; display: inline-block;\">\n\t<div class=\"wpb_wrapper\">\n\t\t<p>Auf Knopfdruck senkt sich HIRT kinetics SF XL nahezu ger\u00e4uschlos ab und \u00f6ffnet den Raum auf unvergleichliche Weise. Es ist die ideale L\u00f6sung f\u00fcr Bereiche, in denen Innen- und Au\u00dfenraum miteinander verschmelzen sollen \u2013 wie Wohnbereiche, Poolh\u00e4user, Garagen oder Anwendungen in der Gastronomie und Hotellerie.<\/p>\n\t<\/div>\n<\/div>\n\n\n\n\n\t\t<\/div> \n\t<\/div>\n\t<\/div> \n<\/div><\/div><div class=\"nectar-split-heading\" data-align=\"default\" data-m-align=\"inherit\" data-text-effect=\"default\" data-animation-type=\"line-reveal-by-space\" data-animation-delay=\"0\" data-animation-offset=\"\" data-m-rm-animation=\"\" data-stagger=\"\" data-custom-font-size=\"false\" ><h2 style=\"max-width: 450px;\">Einfach grenzenlos<\/h2><\/div>\n<div class=\"wpb_text_column wpb_content_element\" style=\" max-width: 500px; display: inline-block;\">\n\t<div class=\"wpb_wrapper\">\n\t\t<p>HIRT kinetics SF XL kennt keine Gr\u00f6\u00dfenbeschr\u00e4nkungen. Das System wird \u00fcber Laufschienen gef\u00fchrt und kann entweder als einzelnes Element in der Wandlaibung integriert oder in Serie mit mehreren SF-XL-Elementen ausgef\u00fchrt werden. Werden mehrere SF XL in Reihe angeordnet, sind auch pfostenlose Ausf\u00fchrungen m\u00f6glich.<\/p>\n\t<\/div>\n<\/div>\n\n\n\n<div class=\"nectar-split-heading\" data-align=\"default\" data-m-align=\"inherit\" data-text-effect=\"default\" data-animation-type=\"line-reveal-by-space\" data-animation-delay=\"0\" data-animation-offset=\"\" data-m-rm-animation=\"\" data-stagger=\"\" data-custom-font-size=\"false\" ><h2 style=\"max-width: 450px;\">Je gr\u00f6\u00dfer, desto beeindruckender.<\/h2><\/div>\n<div class=\"wpb_text_column wpb_content_element\" style=\" max-width: 500px; display: inline-block;\">\n\t<div class=\"wpb_wrapper\">\n\t\t<p class=\"translation-block\">Die Gr\u00f6\u00dfe von HIRT kinetics SF XL ist nahezu unbegrenzt und erm\u00f6glicht au\u00dfergew\u00f6hnlich gro\u00dfe Dimensionen. Umso beeindruckender ist es, dass Standardkomponenten bis zu einer Fl\u00e4che von 40 m\u00b2 eingesetzt werden k\u00f6nnen (bei \u00dcberschreitung dieser Dimension kommt HIRT kinetics Spezial zum Einsatz). HIRT kinetics SF XL bietet eine Vielzahl an M\u00f6glichkeiten, r\u00e4umliche Grenzen aufzul\u00f6sen. Durch die \u00c4nderung der Absenkrichtung der Front sind sogar schr\u00e4ge Geometrien realisierbar, wodurch sich nahezu jedes dreidimensionale Design umsetzen l\u00e4sst.<\/p>\n\t<\/div>\n<\/div>\n\n\n\n\n\t\t\t<\/div> \n\t\t<\/div>\n\t<\/div> \n<\/div><\/div>\n\t\t<div id=\"fws_69e31c541da30\"  data-column-margin=\"default\" data-midnight=\"light\"  class=\"wpb_row vc_row-fluid vc_row full-width-section vc_row-o-equal-height vc_row-flex vc_row-o-content-middle\"  style=\"padding-top: 70px; padding-bottom: 70px; \"><div class=\"row-bg-wrap\" data-bg-animation=\"none\" data-bg-animation-delay=\"\" data-bg-overlay=\"false\"><div class=\"inner-wrap row-bg-layer\" ><div class=\"row-bg viewport-desktop using-bg-color\"  style=\"background-color: #000000; \"><\/div><\/div><\/div><div class=\"row_col_wrap_12 col span_12 light left\">\n\t<div  class=\"vc_col-sm-5 wpb_column column_container vc_column_container col no-extra-padding force-tablet-text-align-center force-phone-text-align-center inherit_tablet inherit_phone\"  data-padding-pos=\"all\" data-has-bg-color=\"false\" data-bg-color=\"\" data-bg-opacity=\"1\" data-animation=\"\" data-delay=\"0\" >\n\t\t<div class=\"vc_column-inner\" >\n\t\t\t<div class=\"wpb_wrapper\">\n\t\t\t\t<div class=\"nectar-split-heading\" data-align=\"default\" data-m-align=\"inherit\" data-text-effect=\"default\" data-animation-type=\"line-reveal-by-space\" data-animation-delay=\"0\" data-animation-offset=\"\" data-m-rm-animation=\"\" data-stagger=\"\" data-custom-font-size=\"false\" ><h2 >Lassen Sie uns gemeinsam etwas schaffen.<\/h2><\/div>\n\t\t\t<\/div> \n\t\t<\/div>\n\t<\/div> \n\n\t<div  class=\"vc_col-sm-1 wpb_column column_container vc_column_container col no-extra-padding force-tablet-text-align-center force-phone-text-align-center inherit_tablet inherit_phone\"  data-padding-pos=\"all\" data-has-bg-color=\"false\" data-bg-color=\"\" data-bg-opacity=\"1\" data-animation=\"\" data-delay=\"0\" >\n\t\t<div class=\"vc_column-inner\" >\n\t\t\t<div class=\"wpb_wrapper\">\n\t\t\t\t\n\t\t\t<\/div> \n\t\t<\/div>\n\t<\/div> \n\n\t<div  class=\"vc_col-sm-6 wpb_column column_container vc_column_container col no-extra-padding force-tablet-text-align-center force-phone-text-align-center inherit_tablet inherit_phone\"  data-padding-pos=\"all\" data-has-bg-color=\"false\" data-bg-color=\"\" data-bg-opacity=\"1\" data-animation=\"\" data-delay=\"0\" >\n\t\t<div class=\"vc_column-inner\" >\n\t\t\t<div class=\"wpb_wrapper\">\n\t\t\t\t<div id=\"fws_69e31c541e0e3\" data-midnight=\"\" data-column-margin=\"default\" class=\"wpb_row vc_row-fluid vc_row inner_row\"  style=\"\"><div class=\"row-bg-wrap\"> <div class=\"row-bg\" ><\/div> <\/div><div class=\"row_col_wrap_12_inner col span_12  right\">\n\t<div  class=\"vc_col-sm-12 wpb_column column_container vc_column_container col child_column no-extra-padding inherit_tablet inherit_phone\"   data-padding-pos=\"all\" data-has-bg-color=\"false\" data-bg-color=\"\" data-bg-opacity=\"1\" data-animation=\"\" data-delay=\"0\" >\n\t\t<div class=\"vc_column-inner\" >\n\t\t<div class=\"wpb_wrapper\">\n\t\t\t<div class=\"nectar-cta  alignment_tablet_default alignment_phone_default display_tablet_inherit display_phone_inherit\" data-color=\"accent-color\" data-using-bg=\"true\" data-style=\"arrow-animation\" data-display=\"inline\" data-alignment=\"left\" data-text-color=\"custom\" ><h4 style=\"color: #ffffff;\"><span class=\"link_wrap\" style=\"padding-top: 20px; padding-right: 40px; padding-bottom: 20px; padding-left: 40px;\"><a  class=\"link_text\" role=\"button\" href=\"https:\/\/kollegger.net\/de\/contact-page\/\"><span class=\"text\">Request Information<\/span><svg class=\"next-arrow\" aria-hidden=\"true\" width=\"20px\" height=\"25px\" viewbox=\"0 0 50 80\" xml:space=\"preserve\">\n  <polyline stroke=\"#ffffff\" stroke-width=\"9\" fill=\"none\" stroke-linecap=\"round\" stroke-linejoin=\"round\" points=\"0, 0 45, 40 0, 80\"\/>\n  <\/svg>  <span aria-hidden=\"true\" class=\"line\"  style=\"background-color: #ffffff;\"><\/span> <\/a><\/span><\/h4><\/div>\n\t\t<\/div> \n\t<\/div>\n\t<\/div> \n<\/div><\/div>\n\t\t\t<\/div> \n\t\t<\/div>\n\t<\/div> \n<\/div><\/div>","protected":false},"excerpt":{"rendered":"HIRT kinetics SF XL While HIRT kinetics SF XL are based on the same principle as SF 90, they are designed for larger dimensions: A floating frame allows them to...","protected":false},"author":1,"featured_media":0,"parent":0,"menu_order":0,"comment_status":"closed","ping_status":"closed","template":"","meta":{"footnotes":""},"class_list":["post-1349","page","type-page","status-publish"],"yoast_head":"<!-- This site is optimized with the Yoast SEO plugin v26.5 - https:\/\/yoast.com\/wordpress\/plugins\/seo\/ -->\n<title>hirt-kinetics-sf-XL - Kollegger Metallbau GmbH<\/title>\n<meta name=\"robots\" content=\"index, follow, max-snippet:-1, max-image-preview:large, max-video-preview:-1\" \/>\n<link rel=\"canonical\" href=\"https:\/\/kollegger.net\/de\/hirt-kinetics-sf-xl\/\" \/>\n<meta property=\"og:locale\" content=\"de_DE\" \/>\n<meta property=\"og:type\" content=\"article\" \/>\n<meta property=\"og:title\" content=\"hirt-kinetics-sf-XL - Kollegger Metallbau GmbH\" \/>\n<meta property=\"og:url\" content=\"https:\/\/kollegger.net\/de\/hirt-kinetics-sf-xl\/\" \/>\n<meta property=\"og:site_name\" content=\"Kollegger Metallbau GmbH\" \/>\n<meta property=\"article:modified_time\" content=\"2025-12-19T13:48:19+00:00\" \/>\n<meta name=\"twitter:card\" content=\"summary_large_image\" \/>\n<meta name=\"twitter:label1\" content=\"Gesch\u00e4tzte Lesezeit\" \/>\n\t<meta name=\"twitter:data1\" content=\"2\u00a0Minuten\" \/>\n<script type=\"application\/ld+json\" class=\"yoast-schema-graph\">{\"@context\":\"https:\/\/schema.org\",\"@graph\":[{\"@type\":\"WebPage\",\"@id\":\"https:\/\/kollegger.net\/hirt-kinetics-sf-xl\/\",\"url\":\"https:\/\/kollegger.net\/hirt-kinetics-sf-xl\/\",\"name\":\"hirt-kinetics-sf-XL - Kollegger Metallbau GmbH\",\"isPartOf\":{\"@id\":\"https:\/\/kollegger.net\/#website\"},\"datePublished\":\"2025-12-19T13:44:39+00:00\",\"dateModified\":\"2025-12-19T13:48:19+00:00\",\"breadcrumb\":{\"@id\":\"https:\/\/kollegger.net\/hirt-kinetics-sf-xl\/#breadcrumb\"},\"inLanguage\":\"de\",\"potentialAction\":[{\"@type\":\"ReadAction\",\"target\":[\"https:\/\/kollegger.net\/hirt-kinetics-sf-xl\/\"]}]},{\"@type\":\"BreadcrumbList\",\"@id\":\"https:\/\/kollegger.net\/hirt-kinetics-sf-xl\/#breadcrumb\",\"itemListElement\":[{\"@type\":\"ListItem\",\"position\":1,\"name\":\"Startseite\",\"item\":\"https:\/\/kollegger.net\/\"},{\"@type\":\"ListItem\",\"position\":2,\"name\":\"hirt-kinetics-sf-XL\"}]},{\"@type\":\"WebSite\",\"@id\":\"https:\/\/kollegger.net\/#website\",\"url\":\"https:\/\/kollegger.net\/\",\"name\":\"Kollegger\",\"description\":\"Kollegger Metallbau \u2013 Pr\u00e4zisionsmetallbau f\u00fcr Architektur und Industrie in \u00d6sterreich Metallbau \u2013 Ma\u00dfgeschneiderter Metallbau in \u00d6sterreich\",\"publisher\":{\"@id\":\"https:\/\/kollegger.net\/#organization\"},\"potentialAction\":[{\"@type\":\"SearchAction\",\"target\":{\"@type\":\"EntryPoint\",\"urlTemplate\":\"https:\/\/kollegger.net\/?s={search_term_string}\"},\"query-input\":{\"@type\":\"PropertyValueSpecification\",\"valueRequired\":true,\"valueName\":\"search_term_string\"}}],\"inLanguage\":\"de\"},{\"@type\":\"Organization\",\"@id\":\"https:\/\/kollegger.net\/#organization\",\"name\":\"Kollegger\",\"url\":\"https:\/\/kollegger.net\/\",\"logo\":{\"@type\":\"ImageObject\",\"inLanguage\":\"de\",\"@id\":\"https:\/\/kollegger.net\/#\/schema\/logo\/image\/\",\"url\":\"https:\/\/kollegger.net\/wp-content\/uploads\/2025\/02\/kl.png\",\"contentUrl\":\"https:\/\/kollegger.net\/wp-content\/uploads\/2025\/02\/kl.png\",\"width\":295,\"height\":294,\"caption\":\"Kollegger\"},\"image\":{\"@id\":\"https:\/\/kollegger.net\/#\/schema\/logo\/image\/\"}}]}<\/script>\n<!-- \/ Yoast SEO plugin. -->","yoast_head_json":{"title":"hirt-kinetics-sf-XL - Kollegger Metallbau GmbH","robots":{"index":"index","follow":"follow","max-snippet":"max-snippet:-1","max-image-preview":"max-image-preview:large","max-video-preview":"max-video-preview:-1"},"canonical":"https:\/\/kollegger.net\/de\/hirt-kinetics-sf-xl\/","og_locale":"de_DE","og_type":"article","og_title":"hirt-kinetics-sf-XL - Kollegger Metallbau GmbH","og_url":"https:\/\/kollegger.net\/de\/hirt-kinetics-sf-xl\/","og_site_name":"Kollegger Metallbau GmbH","article_modified_time":"2025-12-19T13:48:19+00:00","twitter_card":"summary_large_image","twitter_misc":{"Gesch\u00e4tzte Lesezeit":"2\u00a0Minuten"},"schema":{"@context":"https:\/\/schema.org","@graph":[{"@type":"WebPage","@id":"https:\/\/kollegger.net\/hirt-kinetics-sf-xl\/","url":"https:\/\/kollegger.net\/hirt-kinetics-sf-xl\/","name":"hirt-kinetics-sf-XL - Kollegger Metallbau GmbH","isPartOf":{"@id":"https:\/\/kollegger.net\/#website"},"datePublished":"2025-12-19T13:44:39+00:00","dateModified":"2025-12-19T13:48:19+00:00","breadcrumb":{"@id":"https:\/\/kollegger.net\/hirt-kinetics-sf-xl\/#breadcrumb"},"inLanguage":"de","potentialAction":[{"@type":"ReadAction","target":["https:\/\/kollegger.net\/hirt-kinetics-sf-xl\/"]}]},{"@type":"BreadcrumbList","@id":"https:\/\/kollegger.net\/hirt-kinetics-sf-xl\/#breadcrumb","itemListElement":[{"@type":"ListItem","position":1,"name":"Startseite","item":"https:\/\/kollegger.net\/"},{"@type":"ListItem","position":2,"name":"hirt-kinetics-sf-XL"}]},{"@type":"WebSite","@id":"https:\/\/kollegger.net\/#website","url":"https:\/\/kollegger.net\/","name":"Kollegger Metallbau \u2013 Pr\u00e4zisionsmetallbau f\u00fcr Architektur und Industrie in \u00d6sterreich","description":"Kollegger Metallbau \u2013 Pr\u00e4zisionsmetallbau f\u00fcr Architektur und Industrie in \u00d6sterreich Metallbau \u2013 Ma\u00dfgeschneiderter Metallbau in \u00d6sterreich","publisher":{"@id":"https:\/\/kollegger.net\/#organization"},"potentialAction":[{"@type":"SearchAction","target":{"@type":"EntryPoint","urlTemplate":"https:\/\/kollegger.net\/?s={search_term_string}"},"query-input":{"@type":"PropertyValueSpecification","valueRequired":true,"valueName":"search_term_string"}}],"inLanguage":"de"},{"@type":"Organization","@id":"https:\/\/kollegger.net\/#organization","name":"Kollegger Metallbau \u2013 Pr\u00e4zisionsmetallbau f\u00fcr Architektur und Industrie in \u00d6sterreich","url":"https:\/\/kollegger.net\/","logo":{"@type":"ImageObject","inLanguage":"de","@id":"https:\/\/kollegger.net\/#\/schema\/logo\/image\/","url":"https:\/\/kollegger.net\/wp-content\/uploads\/2025\/02\/kl.png","contentUrl":"https:\/\/kollegger.net\/wp-content\/uploads\/2025\/02\/kl.png","width":295,"height":294,"caption":"Kollegger"},"image":{"@id":"https:\/\/kollegger.net\/#\/schema\/logo\/image\/"}}]}},"_links":{"self":[{"href":"https:\/\/kollegger.net\/de\/wp-json\/wp\/v2\/pages\/1349","targetHints":{"allow":["GET"]}}],"collection":[{"href":"https:\/\/kollegger.net\/de\/wp-json\/wp\/v2\/pages"}],"about":[{"href":"https:\/\/kollegger.net\/de\/wp-json\/wp\/v2\/types\/page"}],"author":[{"embeddable":true,"href":"https:\/\/kollegger.net\/de\/wp-json\/wp\/v2\/users\/1"}],"replies":[{"embeddable":true,"href":"https:\/\/kollegger.net\/de\/wp-json\/wp\/v2\/comments?post=1349"}],"version-history":[{"count":3,"href":"https:\/\/kollegger.net\/de\/wp-json\/wp\/v2\/pages\/1349\/revisions"}],"predecessor-version":[{"id":1352,"href":"https:\/\/kollegger.net\/de\/wp-json\/wp\/v2\/pages\/1349\/revisions\/1352"}],"wp:attachment":[{"href":"https:\/\/kollegger.net\/de\/wp-json\/wp\/v2\/media?parent=1349"}],"curies":[{"name":"wp","href":"https:\/\/api.w.org\/{rel}","templated":true}]}}