{"id":1526,"date":"2026-01-23T10:22:39","date_gmt":"2026-01-23T09:22:39","guid":{"rendered":"https:\/\/kollegger.net\/?page_id=1526"},"modified":"2026-01-23T14:09:46","modified_gmt":"2026-01-23T13:09:46","slug":"karriere-test","status":"publish","type":"page","link":"https:\/\/kollegger.net\/de\/karriere-test\/","title":{"rendered":"Karriere Test"},"content":{"rendered":"<div id=\"fws_69f2c4ddf040e\"  data-column-margin=\"default\" data-midnight=\"light\" data-top-percent=\"15%\" data-bottom-percent=\"13%\"  class=\"wpb_row vc_row-fluid vc_row full-width-section vc_row-o-equal-height vc_row-flex vc_row-o-content-bottom parallax_section\"  style=\"padding-top: calc(100vw * 0.15); padding-bottom: calc(100vw * 0.13); \"><div class=\"row-bg-wrap\" data-bg-animation=\"fade-in\" data-bg-animation-delay=\"\" data-bg-overlay=\"true\"><div class=\"inner-wrap row-bg-layer using-image\" style=\"background-color: #d1d1ca;\" ><div class=\"row-bg viewport-desktop using-image using-bg-color lazyload\" data-parallax-speed=\"fast\" style=\"background-image:inherit; background-position: center center; background-repeat: no-repeat; background-color: #d1d1ca; \" data-bg-image=\"url(https:\/\/kollegger.net\/wp-content\/uploads\/2026\/01\/villa_BL-56.jpg)\"><\/div><\/div><div class=\"row-bg-overlay row-bg-layer\" style=\"background: #0f0f0f; background: linear-gradient(90deg,#0f0f0f 10%,rgba(255,255,255,0.001) 75%);  opacity: 0.5; background: #0f0f0f; background: linear-gradient(90deg,#0f0f0f 0%,rgba(255,255,255,0.001) 100%);  opacity: 0.5; \"><\/div><\/div><div class=\"row_col_wrap_12 col span_12 light left\">\n\t<div  class=\"vc_col-sm-6 wpb_column column_container vc_column_container col no-extra-padding inherit_tablet inherit_phone\"  data-padding-pos=\"all\" data-has-bg-color=\"false\" data-bg-color=\"\" data-bg-opacity=\"1\" data-animation=\"\" data-delay=\"0\" >\n\t\t<div class=\"vc_column-inner\" >\n\t\t\t<div class=\"wpb_wrapper\">\n\t\t\t\t<div id=\"fws_69f2c4ddf085d\" data-midnight=\"\" data-column-margin=\"default\" class=\"wpb_row vc_row-fluid vc_row inner_row\"  style=\"\"><div class=\"row-bg-wrap\"> <div class=\"row-bg\" ><\/div> <\/div><div class=\"row_col_wrap_12_inner col span_12  left\">\n\t<div  class=\"vc_col-sm-12 wpb_column column_container vc_column_container col child_column no-extra-padding inherit_tablet inherit_phone\"   data-padding-pos=\"all\" data-has-bg-color=\"false\" data-bg-color=\"\" data-bg-opacity=\"1\" data-animation=\"\" data-delay=\"0\" >\n\t\t<div class=\"vc_column-inner\" >\n\t\t<div class=\"wpb_wrapper\">\n\t\t\t<div class=\"nectar-split-heading\" data-align=\"default\" data-m-align=\"inherit\" data-text-effect=\"default\" data-animation-type=\"line-reveal-by-space\" data-animation-delay=\"0\" data-animation-offset=\"\" data-m-rm-animation=\"\" data-stagger=\"\" data-custom-font-size=\"false\" ><h1 >Deine Karriere bei Kollegger.<\/h1><\/div>\n<div class=\"wpb_text_column wpb_content_element\" >\n\t<div class=\"wpb_wrapper\">\n\t\t<h3>Bei Kollegger arbeitest du an innovativen L\u00f6sungen und au\u00dfergew\u00f6hnlichen Projekten, die weltweit Ma\u00dfst\u00e4be setzen.<br \/>\nWerde Teil eines engagierten Teams und entwickle mit uns Technologien, die Bewegung in die Architektur bringen<\/h3>\n\t<\/div>\n<\/div>\n\n\n\n\n\t\t<\/div> \n\t<\/div>\n\t<\/div> \n<\/div><\/div><div id=\"fws_69f2c4ddf0cfd\" data-midnight=\"\" data-column-margin=\"default\" class=\"wpb_row vc_row-fluid vc_row inner_row\"  style=\"\"><div class=\"row-bg-wrap\"> <div class=\"row-bg\" ><\/div> <\/div><div class=\"row_col_wrap_12_inner col span_12  left\">\n\t<div  class=\"vc_col-sm-12 wpb_column column_container vc_column_container col child_column has-animation no-extra-padding inherit_tablet inherit_phone\"   data-padding-pos=\"all\" data-has-bg-color=\"false\" data-bg-color=\"\" data-bg-opacity=\"1\" data-animation=\"fade-in\" data-delay=\"800\" >\n\t\t<div class=\"vc_column-inner\" >\n\t\t<div class=\"wpb_wrapper\">\n\t\t\t<div class=\"nectar-cta  alignment_tablet_default alignment_phone_default display_tablet_inherit display_phone_inherit\" data-color=\"accent-color\" data-using-bg=\"true\" data-style=\"arrow-animation\" data-display=\"block\" data-alignment=\"left\" data-text-color=\"custom\" style=\"margin-top: 30px; \"><h4 style=\"color: #ffffff;\"><span class=\"link_wrap\" style=\"padding-top: 20px; padding-right: 40px; padding-bottom: 20px; padding-left: 40px;\"><a  class=\"link_text\" role=\"button\" href=\"#about\"><span class=\"text\">Offene Stellen<\/span><svg class=\"next-arrow\" aria-hidden=\"true\" width=\"20px\" height=\"25px\" viewbox=\"0 0 50 80\" xml:space=\"preserve\">\n  <polyline stroke=\"#ffffff\" stroke-width=\"9\" fill=\"none\" stroke-linecap=\"round\" stroke-linejoin=\"round\" points=\"0, 0 45, 40 0, 80\"\/>\n  <\/svg>  <span aria-hidden=\"true\" class=\"line\"  style=\"background-color: #ffffff;\"><\/span> <\/a><\/span><\/h4><\/div>\n\t\t<\/div> \n\t<\/div>\n\t<\/div> \n<\/div><\/div>\n\t\t\t<\/div> \n\t\t<\/div>\n\t<\/div> \n\n\t<div  class=\"vc_col-sm-6 wpb_column column_container vc_column_container col no-extra-padding inherit_tablet inherit_phone\"  data-padding-pos=\"all\" data-has-bg-color=\"false\" data-bg-color=\"\" data-bg-opacity=\"1\" data-animation=\"\" data-delay=\"0\" >\n\t\t<div class=\"vc_column-inner\" >\n\t\t\t<div class=\"wpb_wrapper\">\n\t\t\t\t\n\t\t\t<\/div> \n\t\t<\/div>\n\t<\/div> \n<\/div><\/div>\n\t\t<div id=\"services\"  data-column-margin=\"default\" data-midnight=\"dark\" data-top-percent=\"6%\"  class=\"wpb_row vc_row-fluid vc_row full-width-section\"  style=\"padding-top: calc(100vw * 0.06); padding-bottom: 0px; \"><div class=\"row-bg-wrap\" data-bg-animation=\"none\" data-bg-animation-delay=\"\" data-bg-overlay=\"false\"><div class=\"inner-wrap row-bg-layer\" ><div class=\"row-bg viewport-desktop\"  style=\"\"><\/div><\/div><\/div><div class=\"row_col_wrap_12 col span_12 dark left\">\n\t<div  class=\"vc_col-sm-12 wpb_column column_container vc_column_container col no-extra-padding inherit_tablet inherit_phone\"  data-padding-pos=\"all\" data-has-bg-color=\"false\" data-bg-color=\"\" data-bg-opacity=\"1\" data-animation=\"\" data-delay=\"0\" >\n\t\t<div class=\"vc_column-inner\" >\n\t\t\t<div class=\"wpb_wrapper\">\n\t\t\t\t<div id=\"fws_69f2c4ddf1631\" data-midnight=\"\" data-column-margin=\"default\" class=\"wpb_row vc_row-fluid vc_row inner_row\"  style=\"padding-bottom: 5%; \"><div class=\"row-bg-wrap\"> <div class=\"row-bg\" ><\/div> <\/div><div class=\"row_col_wrap_12_inner col span_12  left\">\n\t<div  class=\"vc_col-sm-3 wpb_column column_container vc_column_container col child_column no-extra-padding inherit_tablet inherit_phone\"   data-padding-pos=\"all\" data-has-bg-color=\"false\" data-bg-color=\"\" data-bg-opacity=\"1\" data-animation=\"\" data-delay=\"0\" >\n\t\t<div class=\"vc_column-inner\" >\n\t\t<div class=\"wpb_wrapper\">\n\t\t\t\n\t\t<\/div> \n\t<\/div>\n\t<\/div> \n\n\t<div  class=\"vc_col-sm-6 wpb_column column_container vc_column_container col child_column centered-text no-extra-padding inherit_tablet inherit_phone\"   data-padding-pos=\"all\" data-has-bg-color=\"false\" data-bg-color=\"\" data-bg-opacity=\"1\" data-animation=\"\" data-delay=\"0\" >\n\t\t<div class=\"vc_column-inner\" >\n\t\t<div class=\"wpb_wrapper\">\n\t\t\t<div class=\"nectar-split-heading\" data-align=\"default\" data-m-align=\"inherit\" data-text-effect=\"default\" data-animation-type=\"line-reveal-by-space\" data-animation-delay=\"0\" data-animation-offset=\"\" data-m-rm-animation=\"\" data-stagger=\"\" data-custom-font-size=\"false\" ><h2 >Aktuell offene Stellen:<\/h2><\/div>\n\t\t<\/div> \n\t<\/div>\n\t<\/div> \n\n\t<div  class=\"vc_col-sm-3 wpb_column column_container vc_column_container col child_column no-extra-padding inherit_tablet inherit_phone\"   data-padding-pos=\"all\" data-has-bg-color=\"false\" data-bg-color=\"\" data-bg-opacity=\"1\" data-animation=\"\" data-delay=\"0\" >\n\t\t<div class=\"vc_column-inner\" >\n\t\t<div class=\"wpb_wrapper\">\n\t\t\t\n\t\t<\/div> \n\t<\/div>\n\t<\/div> \n<\/div><\/div>\n\t\t\t<\/div> \n\t\t<\/div>\n\t<\/div> \n<\/div><\/div>\n\t\t<div id=\"services\"  data-column-margin=\"20px\" data-midnight=\"dark\" data-bottom-percent=\"6%\"  class=\"wpb_row vc_row-fluid vc_row full-width-content vc_row-o-equal-height vc_row-flex vc_row-o-content-top\"  style=\"padding-top: 0px; padding-bottom: calc(100vw * 0.06); \"><div class=\"row-bg-wrap\" data-bg-animation=\"none\" data-bg-animation-delay=\"\" data-bg-overlay=\"false\"><div class=\"inner-wrap row-bg-layer\" ><div class=\"row-bg viewport-desktop\"  style=\"\"><\/div><\/div><\/div><div class=\"row_col_wrap_12 col span_12 dark left\">\n\t<div  class=\"vc_col-sm-12 wpb_column column_container vc_column_container col no-extra-padding inherit_tablet inherit_phone\"  data-padding-pos=\"all\" data-has-bg-color=\"false\" data-bg-color=\"\" data-bg-opacity=\"1\" data-animation=\"\" data-delay=\"0\" >\n\t\t<div class=\"vc_column-inner\" >\n\t\t\t<div class=\"wpb_wrapper\">\n\t\t\t\t<div id=\"fws_69f2c4ddf2026\" data-midnight=\"\" data-column-margin=\"20px\" class=\"wpb_row vc_row-fluid vc_row inner_row\"  style=\"\"><div class=\"row-bg-wrap\"> <div class=\"row-bg\" ><\/div> <\/div><div class=\"row_col_wrap_12_inner col span_12  left\">\n\t<div  class=\"vc_col-sm-3 wpb_column column_container vc_column_container col child_column has-animation no-extra-padding inherit_tablet inherit_phone\"   data-padding-pos=\"all\" data-has-bg-color=\"false\" data-bg-color=\"\" data-bg-opacity=\"1\" data-animation=\"fade-in-from-bottom\" data-delay=\"0\" >\n\t\t<div class=\"vc_column-inner\" >\n\t\t<div class=\"wpb_wrapper\">\n\t\t\t\n\t\t<\/div> \n\t<\/div>\n\t<\/div> \n\n\t<div  class=\"vc_col-sm-3 wpb_column column_container vc_column_container col child_column has-animation no-extra-padding inherit_tablet inherit_phone\"   data-padding-pos=\"all\" data-has-bg-color=\"false\" data-bg-color=\"\" data-bg-opacity=\"1\" data-animation=\"fade-in-from-bottom\" data-delay=\"50\" >\n\t\t<div class=\"vc_column-inner\" >\n\t\t<div class=\"wpb_wrapper\">\n\t\t\t\n\t\t<\/div> \n\t<\/div>\n\t<\/div> \n\n\t<div  class=\"vc_col-sm-3 wpb_column column_container vc_column_container col child_column has-animation no-extra-padding inherit_tablet inherit_phone\"   data-padding-pos=\"all\" data-has-bg-color=\"false\" data-bg-color=\"\" data-bg-opacity=\"1\" data-animation=\"fade-in-from-bottom\" data-delay=\"100\" >\n\t\t<div class=\"vc_column-inner\" >\n\t\t<div class=\"wpb_wrapper\">\n\t\t\t<div class=\"nectar-fancy-box using-img\" style=\"min-height: 500px\" data-style=\"hover_desc\" data-border-radius=\"default\" data-animation=\"\" data-bg-animation=\"long_zoom\" data-border=\"\" data-delay=\"\" data-alignment=\"left\" data-color=\"accent-color\" ><div class=\"box-bg\" role=\"presentation\"  data-nectar-img-src=\"https:\/\/kollegger.net\/wp-content\/uploads\/2025\/12\/jobs.jpg\"><\/div><div class=\"inner\"><div class=\"heading-wrap\"><span class=\"im-icon-wrap\" data-color=\"accent-color\"><span><svg role=\"presentation\" version=\"1.1\" xmlns=\"http:\/\/www.w3.org\/2000\/svg\" width=\"50\" height=\"50\" viewbox=\"0 0 32 32\">\n        <path d=\"M6.333 7c-0.368 0-0.667-0.3-0.667-0.667v-5.333c0-0.367 0.299-0.667 0.667-0.667s0.667 0.3 0.667 0.667v5.333c0 0.367-0.3 0.667-0.667 0.667zM6.333 7.751c-0.181 0-0.356-0.075-0.481-0.201l-2-2.084c-0.255-0.268-0.247-0.692 0.019-0.944 0.267-0.256 0.687-0.247 0.943 0.019l1.52 1.585 1.519-1.584c0.255-0.263 0.677-0.276 0.943-0.020 0.264 0.252 0.273 0.676 0.019 0.943l-2 2.084c-0.124 0.128-0.3 0.203-0.48 0.203zM22.117 31.667h-7.533c-3.163 0-5.399-4.881-7.372-9.191-0.748-1.635-1.455-3.175-2.045-4.005-0.86-1.211-0.803-2.716 0.139-3.659 0.992-0.987 2.78-1.027 3.745-0.060l1.951 1.961v-10.959c0-1.412 1.221-2.601 2.667-2.601 1.471 0 2.667 1.153 2.667 2.573v5.773c0.392-0.219 0.848-0.345 1.333-0.345 1.148 0 2.156 0.751 2.521 1.767 0.424-0.273 0.932-0.433 1.479-0.433 1.148 0 2.156 0.751 2.521 1.767 0.424-0.273 0.932-0.433 1.479-0.433 1.445 0 2.667 1.192 2.667 2.6v7.213c0 5.591-5.729 7.891-5.972 7.984-0.081 0.032-0.164 0.048-0.245 0.048zM7.237 15.355c-0.373 0-0.733 0.145-0.991 0.405-0.551 0.552-0.383 1.393 0.007 1.943 0.663 0.935 1.361 2.46 2.169 4.224 1.625 3.549 3.853 8.411 6.16 8.411h7.399c0.739-0.325 5.020-2.408 5.020-6.695v-7.213c0-0.688-0.612-1.268-1.333-1.268-0.724 0-1.333 0.571-1.333 1.24 0 0.367-0.3 0.667-0.667 0.667-0.368 0-0.667-0.3-0.667-0.667v-1.308c0-0.688-0.612-1.268-1.333-1.268-0.724 0-1.333 0.571-1.333 1.24 0 0.367-0.3 0.667-0.667 0.667-0.368 0-0.667-0.3-0.667-0.667v-1.305c0-0.688-0.612-1.268-1.333-1.268-0.724 0-1.333 0.571-1.333 1.24 0 0.367-0.299 0.667-0.667 0.667s-0.667-0.3-0.667-0.667v-8c0-0.669-0.611-1.24-1.333-1.24s-1.333 0.584-1.333 1.268v12.573c0 0.271-0.163 0.513-0.412 0.617-0.249 0.101-0.536 0.047-0.727-0.144l-3.089-3.105c-0.22-0.228-0.529-0.347-0.869-0.347z\"><\/path>\n        <\/svg><\/span><\/span>\n<h2>Montageleiter<\/h2>\n<\/div><div class=\"hover-content\">Lorem ipsum dolor sit amet, consectetur adipiscing elit.<\/div><\/div>   <\/div>\n\t\t<\/div> \n\t<\/div>\n\t<\/div> \n\n\t<div  class=\"vc_col-sm-3 wpb_column column_container vc_column_container col child_column has-animation no-extra-padding inherit_tablet inherit_phone\"   data-padding-pos=\"all\" data-has-bg-color=\"false\" data-bg-color=\"\" data-bg-opacity=\"1\" data-animation=\"fade-in-from-bottom\" data-delay=\"150\" >\n\t\t<div class=\"vc_column-inner\" >\n\t\t<div class=\"wpb_wrapper\">\n\t\t\t\n\t\t<\/div> \n\t<\/div>\n\t<\/div> \n<\/div><\/div>\n\t\t\t<\/div> \n\t\t<\/div>\n\t<\/div> \n<\/div><\/div>\n\t\t<div id=\"fws_69f2c4ddf3308\"  data-column-margin=\"default\" data-midnight=\"dark\" data-top-percent=\"3%\" data-bottom-percent=\"5%\"  class=\"wpb_row vc_row-fluid vc_row full-width-content vc_row-o-equal-height vc_row-flex vc_row-o-content-top\"  style=\"padding-top: calc(100vw * 0.03); padding-bottom: calc(100vw * 0.05); \"><div class=\"row-bg-wrap\" data-bg-animation=\"none\" data-bg-animation-delay=\"\" data-bg-overlay=\"false\"><div class=\"inner-wrap row-bg-layer\" ><div class=\"row-bg viewport-desktop using-bg-color\"  style=\"background-color: #fff6f1; \"><\/div><\/div><\/div><div class=\"nectar-shape-divider-wrap\" style=\" height:50%;\" data-using-percent-val=\"true\" data-height=\"50%\" data-front=\"\" data-style=\"straight_section\" data-position=\"bottom\" ><svg class=\"nectar-shape-divider\" aria-hidden=\"true\" fill=\"#ffffff\" xmlns=\"http:\/\/www.w3.org\/2000\/svg\" viewbox=\"0 0 100 10\" preserveaspectratio=\"none\"> <polygon points=\"104 10, 104 0, 0 0, 0 10\"><\/polygon> <\/svg><\/div><div class=\"row_col_wrap_12 col span_12 dark left\">\n\t<div  class=\"vc_col-sm-12 wpb_column column_container vc_column_container col no-extra-padding inherit_tablet inherit_phone\"  data-padding-pos=\"all\" data-has-bg-color=\"false\" data-bg-color=\"\" data-bg-opacity=\"1\" data-animation=\"\" data-delay=\"0\" >\n\t\t<div class=\"vc_column-inner\" >\n\t\t\t<div class=\"wpb_wrapper\">\n\t\t\t\t\n<div class=\"wpb_text_column wpb_content_element\" >\n\t<div class=\"wpb_wrapper\">\n\t\t<p>[nectar_woo_products product_type=&#8221;all&#8221; category=&#8221;all&#8221; columns=&#8221;dynamic&#8221; orderby=&#8221;date&#8221; order=&#8221;DESC&#8221; carousel=&#8221;1&#8243; script=&#8221;flickity&#8221; flickity_controls=&#8221;arrows-and-text&#8221; flickity_heading_tag=&#8221;h2&#8243; carousel_script=&#8221;flickity&#8221; per_page=&#8221;8&#8243; flickity_heading_text=&#8221;Fresh New Products&#8221;]<\/p>\n\t<\/div>\n<\/div>\n\n\n\n\n\t\t\t<\/div> \n\t\t<\/div>\n\t<\/div> \n<\/div><\/div>","protected":false},"excerpt":{"rendered":"Deine Karriere bei Kollegger. Bei Kollegger arbeitest du an innovativen L\u00f6sungen und au\u00dfergew\u00f6hnlichen Projekten, die weltweit Ma\u00dfst\u00e4be setzen. Werde Teil eines engagierten Teams und entwickle mit uns Technologien, die Bewegung...","protected":false},"author":1,"featured_media":0,"parent":0,"menu_order":0,"comment_status":"closed","ping_status":"closed","template":"","meta":{"footnotes":""},"class_list":["post-1526","page","type-page","status-publish"],"yoast_head":"<!-- This site is optimized with the Yoast SEO plugin v26.5 - https:\/\/yoast.com\/wordpress\/plugins\/seo\/ -->\n<title>Karriere Test - Kollegger Metallbau GmbH<\/title>\n<meta name=\"robots\" content=\"index, follow, max-snippet:-1, max-image-preview:large, max-video-preview:-1\" \/>\n<link rel=\"canonical\" href=\"https:\/\/kollegger.net\/de\/karriere-test\/\" \/>\n<meta property=\"og:locale\" content=\"de_DE\" \/>\n<meta property=\"og:type\" content=\"article\" \/>\n<meta property=\"og:title\" content=\"Karriere Test - Kollegger Metallbau GmbH\" \/>\n<meta property=\"og:url\" content=\"https:\/\/kollegger.net\/de\/karriere-test\/\" \/>\n<meta property=\"og:site_name\" content=\"Kollegger Metallbau GmbH\" \/>\n<meta property=\"article:modified_time\" content=\"2026-01-23T13:09:46+00:00\" \/>\n<meta name=\"twitter:card\" content=\"summary_large_image\" \/>\n<meta name=\"twitter:label1\" content=\"Gesch\u00e4tzte Lesezeit\" \/>\n\t<meta name=\"twitter:data1\" content=\"1\u00a0Minute\" \/>\n<script type=\"application\/ld+json\" class=\"yoast-schema-graph\">{\"@context\":\"https:\/\/schema.org\",\"@graph\":[{\"@type\":\"WebPage\",\"@id\":\"https:\/\/kollegger.net\/karriere-test\/\",\"url\":\"https:\/\/kollegger.net\/karriere-test\/\",\"name\":\"Karriere Test - Kollegger Metallbau GmbH\",\"isPartOf\":{\"@id\":\"https:\/\/kollegger.net\/#website\"},\"datePublished\":\"2026-01-23T09:22:39+00:00\",\"dateModified\":\"2026-01-23T13:09:46+00:00\",\"breadcrumb\":{\"@id\":\"https:\/\/kollegger.net\/karriere-test\/#breadcrumb\"},\"inLanguage\":\"de\",\"potentialAction\":[{\"@type\":\"ReadAction\",\"target\":[\"https:\/\/kollegger.net\/karriere-test\/\"]}]},{\"@type\":\"BreadcrumbList\",\"@id\":\"https:\/\/kollegger.net\/karriere-test\/#breadcrumb\",\"itemListElement\":[{\"@type\":\"ListItem\",\"position\":1,\"name\":\"Startseite\",\"item\":\"https:\/\/kollegger.net\/\"},{\"@type\":\"ListItem\",\"position\":2,\"name\":\"Karriere Test\"}]},{\"@type\":\"WebSite\",\"@id\":\"https:\/\/kollegger.net\/#website\",\"url\":\"https:\/\/kollegger.net\/\",\"name\":\"Kollegger\",\"description\":\"Kollegger Metallbau \u2013 Pr\u00e4zisionsmetallbau f\u00fcr Architektur und Industrie in \u00d6sterreich Metallbau \u2013 Ma\u00dfgeschneiderter Metallbau in \u00d6sterreich\",\"publisher\":{\"@id\":\"https:\/\/kollegger.net\/#organization\"},\"potentialAction\":[{\"@type\":\"SearchAction\",\"target\":{\"@type\":\"EntryPoint\",\"urlTemplate\":\"https:\/\/kollegger.net\/?s={search_term_string}\"},\"query-input\":{\"@type\":\"PropertyValueSpecification\",\"valueRequired\":true,\"valueName\":\"search_term_string\"}}],\"inLanguage\":\"de\"},{\"@type\":\"Organization\",\"@id\":\"https:\/\/kollegger.net\/#organization\",\"name\":\"Kollegger\",\"url\":\"https:\/\/kollegger.net\/\",\"logo\":{\"@type\":\"ImageObject\",\"inLanguage\":\"de\",\"@id\":\"https:\/\/kollegger.net\/#\/schema\/logo\/image\/\",\"url\":\"https:\/\/kollegger.net\/wp-content\/uploads\/2025\/02\/kl.png\",\"contentUrl\":\"https:\/\/kollegger.net\/wp-content\/uploads\/2025\/02\/kl.png\",\"width\":295,\"height\":294,\"caption\":\"Kollegger\"},\"image\":{\"@id\":\"https:\/\/kollegger.net\/#\/schema\/logo\/image\/\"}}]}<\/script>\n<!-- \/ Yoast SEO plugin. -->","yoast_head_json":{"title":"Karriere Test - Kollegger Metallbau GmbH","robots":{"index":"index","follow":"follow","max-snippet":"max-snippet:-1","max-image-preview":"max-image-preview:large","max-video-preview":"max-video-preview:-1"},"canonical":"https:\/\/kollegger.net\/de\/karriere-test\/","og_locale":"de_DE","og_type":"article","og_title":"Karriere Test - Kollegger Metallbau GmbH","og_url":"https:\/\/kollegger.net\/de\/karriere-test\/","og_site_name":"Kollegger Metallbau GmbH","article_modified_time":"2026-01-23T13:09:46+00:00","twitter_card":"summary_large_image","twitter_misc":{"Gesch\u00e4tzte Lesezeit":"1\u00a0Minute"},"schema":{"@context":"https:\/\/schema.org","@graph":[{"@type":"WebPage","@id":"https:\/\/kollegger.net\/karriere-test\/","url":"https:\/\/kollegger.net\/karriere-test\/","name":"Karriere Test - Kollegger Metallbau GmbH","isPartOf":{"@id":"https:\/\/kollegger.net\/#website"},"datePublished":"2026-01-23T09:22:39+00:00","dateModified":"2026-01-23T13:09:46+00:00","breadcrumb":{"@id":"https:\/\/kollegger.net\/karriere-test\/#breadcrumb"},"inLanguage":"de","potentialAction":[{"@type":"ReadAction","target":["https:\/\/kollegger.net\/karriere-test\/"]}]},{"@type":"BreadcrumbList","@id":"https:\/\/kollegger.net\/karriere-test\/#breadcrumb","itemListElement":[{"@type":"ListItem","position":1,"name":"Startseite","item":"https:\/\/kollegger.net\/"},{"@type":"ListItem","position":2,"name":"Karriere Test"}]},{"@type":"WebSite","@id":"https:\/\/kollegger.net\/#website","url":"https:\/\/kollegger.net\/","name":"Kollegger Metallbau \u2013 Pr\u00e4zisionsmetallbau f\u00fcr Architektur und Industrie in \u00d6sterreich","description":"Kollegger Metallbau \u2013 Pr\u00e4zisionsmetallbau f\u00fcr Architektur und Industrie in \u00d6sterreich Metallbau \u2013 Ma\u00dfgeschneiderter Metallbau in \u00d6sterreich","publisher":{"@id":"https:\/\/kollegger.net\/#organization"},"potentialAction":[{"@type":"SearchAction","target":{"@type":"EntryPoint","urlTemplate":"https:\/\/kollegger.net\/?s={search_term_string}"},"query-input":{"@type":"PropertyValueSpecification","valueRequired":true,"valueName":"search_term_string"}}],"inLanguage":"de"},{"@type":"Organization","@id":"https:\/\/kollegger.net\/#organization","name":"Kollegger Metallbau \u2013 Pr\u00e4zisionsmetallbau f\u00fcr Architektur und Industrie in \u00d6sterreich","url":"https:\/\/kollegger.net\/","logo":{"@type":"ImageObject","inLanguage":"de","@id":"https:\/\/kollegger.net\/#\/schema\/logo\/image\/","url":"https:\/\/kollegger.net\/wp-content\/uploads\/2025\/02\/kl.png","contentUrl":"https:\/\/kollegger.net\/wp-content\/uploads\/2025\/02\/kl.png","width":295,"height":294,"caption":"Kollegger"},"image":{"@id":"https:\/\/kollegger.net\/#\/schema\/logo\/image\/"}}]}},"_links":{"self":[{"href":"https:\/\/kollegger.net\/de\/wp-json\/wp\/v2\/pages\/1526","targetHints":{"allow":["GET"]}}],"collection":[{"href":"https:\/\/kollegger.net\/de\/wp-json\/wp\/v2\/pages"}],"about":[{"href":"https:\/\/kollegger.net\/de\/wp-json\/wp\/v2\/types\/page"}],"author":[{"embeddable":true,"href":"https:\/\/kollegger.net\/de\/wp-json\/wp\/v2\/users\/1"}],"replies":[{"embeddable":true,"href":"https:\/\/kollegger.net\/de\/wp-json\/wp\/v2\/comments?post=1526"}],"version-history":[{"count":14,"href":"https:\/\/kollegger.net\/de\/wp-json\/wp\/v2\/pages\/1526\/revisions"}],"predecessor-version":[{"id":1534,"href":"https:\/\/kollegger.net\/de\/wp-json\/wp\/v2\/pages\/1526\/revisions\/1534"}],"wp:attachment":[{"href":"https:\/\/kollegger.net\/de\/wp-json\/wp\/v2\/media?parent=1526"}],"curies":[{"name":"wp","href":"https:\/\/api.w.org\/{rel}","templated":true}]}}