{"id":3,"date":"2025-02-25T10:32:36","date_gmt":"2025-02-25T09:32:36","guid":{"rendered":"http:\/\/kollegger.net.astronomix.koerbler.com\/?page_id=3"},"modified":"2025-02-26T10:23:32","modified_gmt":"2025-02-26T09:23:32","slug":"datenschutzerklaerung","status":"publish","type":"page","link":"https:\/\/kollegger.net\/de\/datenschutzerklaerung\/","title":{"rendered":"Data privacy policy"},"content":{"rendered":"<div id=\"content\" class=\"site-content\">\n<div class=\"ast-container\">\n<div id=\"primary\" class=\"content-area primary\"><main id=\"main\" class=\"site-main\"><\/p>\n<article id=\"post-1691\" class=\"post-1691 page type-page status-publish ast-article-single\">\n<div class=\"entry-content clear\">\n<div class=\"elementor elementor-1691\" data-elementor-type=\"wp-page\" data-elementor-id=\"1691\">\n<div class=\"elementor-inner\">\n<div class=\"elementor-section-wrap\">\n<section class=\"elementor-section elementor-top-section elementor-element elementor-element-447d7fe elementor-section-boxed elementor-section-height-default elementor-section-height-default\" data-id=\"447d7fe\" data-element_type=\"section\">\n<div class=\"elementor-container elementor-column-gap-default\">\n<div class=\"elementor-row\">\n<div class=\"elementor-column elementor-col-100 elementor-top-column elementor-element elementor-element-507c36c\" data-id=\"507c36c\" data-element_type=\"column\">\n<div class=\"elementor-column-wrap elementor-element-populated\">\n<div class=\"elementor-widget-wrap\">\n<section class=\"elementor-section elementor-inner-section elementor-element elementor-element-3a2031c elementor-section-boxed elementor-section-height-default elementor-section-height-default\" data-id=\"3a2031c\" data-element_type=\"section\">\n<div class=\"elementor-container elementor-column-gap-default\">\n<div class=\"elementor-row\">\n<div class=\"elementor-column elementor-col-66 elementor-inner-column elementor-element elementor-element-78eb2fd\" data-id=\"78eb2fd\" data-element_type=\"column\">\n<div class=\"elementor-column-wrap elementor-element-populated\">\n<div class=\"elementor-widget-wrap\">\n<div class=\"elementor-element elementor-element-575da74 elementor-widget elementor-widget-heading\" data-id=\"575da74\" data-element_type=\"widget\" data-widget_type=\"heading.default\">\n<div class=\"elementor-widget-container\">\n<h1 class=\"elementor-heading-title elementor-size-default\">Datenschutzerkl\u00e4rung<\/h1>\n<\/div>\n<\/div>\n<div class=\"elementor-element elementor-element-eb76ce5 elementor-widget elementor-widget-text-editor\" data-id=\"eb76ce5\" data-element_type=\"widget\" data-widget_type=\"text-editor.default\">\n<div class=\"elementor-widget-container\">\n<div class=\"elementor-text-editor elementor-clearfix\">\n<p>Die Betreiber dieser Seiten nehmen den Schutz Ihrer pers\u00f6nlichen Daten sehr ernst. Wir behandeln Ihre personenbezogenen Daten vertraulich und entsprechend den gesetzlichen Datenschutzvorschriften sowie dieser Datenschutzerkl\u00e4rung.<br \/>Die Nutzung unserer Website ist in der Regel ohne Angabe personenbezogener Daten m\u00f6glich.<br \/>Soweit auf unseren Seiten personenbezogene Daten (beispielsweise Name, Anschrift oder E-Mail-Adressen) erhoben werden, erfolgt dies \u2013 soweit m\u00f6glich \u2013 stets auf freiwilliger Basis. Diese Daten werden ohne Ihre ausdr\u00fcckliche Zustimmung nicht an Dritte weitergegeben.<\/p>\n<p>Wir weisen darauf hin, dass die Daten\u00fcbertragung im Internet (z. B. bei der Kommunikation per E-Mail) Sicherheitsl\u00fccken aufweisen kann. Ein l\u00fcckenloser Schutz der Daten vor dem Zugriff durch Dritte ist nicht m\u00f6glich.<\/p>\n<h3>Cookies<\/h3>\n<p>Einige der Internetseiten verwenden sogenannte Cookies. Cookies richten auf Ihrem Rechner keinen Schaden an und enthalten keine Viren. Cookies dienen dazu, unser Angebot nutzerfreundlicher, effektiver und sicherer zu machen. Cookies sind kleine Textdateien, die auf Ihrem Rechner abgelegt werden und die Ihr Browser speichert.<\/p>\n<p>Die meisten der von uns verwendeten Cookies sind sogenannte \u201eSession-Cookies\u201c. Sie werden nach Ende Ihres Besuchs automatisch gel\u00f6scht. Andere Cookies bleiben auf Ihrem Endger\u00e4t gespeichert, bis Sie diese l\u00f6schen. Diese Cookies erm\u00f6glichen es uns, Ihren Browser beim n\u00e4chsten Besuch wiederzuerkennen.<\/p>\n<p>Sie k\u00f6nnen Ihren Browser so einstellen, dass Sie \u00fcber das Setzen von Cookies informiert werden und Cookies nur im Einzelfall erlauben, die Annahme von Cookies f\u00fcr bestimmte F\u00e4lle oder generell ausschlie\u00dfen sowie das automatische L\u00f6schen der Cookies beim Schlie\u00dfen des Browsers aktivieren. Bei der Deaktivierung von Cookies kann die Funktionalit\u00e4t dieser Website eingeschr\u00e4nkt sein.<\/p>\n<p>&nbsp;<\/p>\n<h3>Server-Log-Dateien<\/h3>\n<p class=\"translation-block\">Der Provider der Seiten erhebt und speichert automatisch Informationen in sogenannten Server-Log-Dateien, die Ihr Browser automatisch an uns \u00fcbermittelt. Dies sind:\n\nBrowsertyp und Browserversion\n\nVerwendetes Betriebssystem\n\nReferrer URL\n\nHostname des zugreifenden Rechners\n\nUhrzeit der Serveranfrage<\/p>\n<p>&nbsp;<\/p>\n<p>Diese Daten sind nicht bestimmten Personen zuordenbar. Eine Zusammenf\u00fchrung dieser Daten mit anderen Datenquellen wird nicht vorgenommen. Wir behalten uns jedoch vor, diese Daten nachtr\u00e4glich zu \u00fcberpr\u00fcfen, wenn konkrete Anhaltspunkte f\u00fcr eine rechtswidrige Nutzung bekannt werden.<\/p>\n<h3>Kontaktformular<\/h3>\n<p>Wenn Sie uns per Kontaktformular Anfragen zukommen lassen, werden Ihre Angaben aus dem Anfrageformular inklusive der von Ihnen dort angegebenen Kontaktdaten zum Zweck der Bearbeitung der Anfrage und f\u00fcr den Fall von Anschlussfragen bei uns gespeichert. Diese Daten geben wir nicht ohne Ihre Einwilligung weiter.<\/p>\n<h3>Hinweis zu Google Analytics<\/h3>\n<p class=\"translation-block\">Diese Website nutzt Funktionen des Webanalysedienstes Google Analytics. Anbieter ist die Google Inc., 1600 Amphitheatre Parkway, Mountain View, CA 94043, USA.\n\nGoogle Analytics verwendet sogenannte \u201eCookies\u201c. Dabei handelt es sich um Textdateien, die auf Ihrem Computer gespeichert werden und die eine Analyse der Benutzung der Website durch Sie erm\u00f6glichen. Die durch den Cookie erzeugten Informationen \u00fcber Ihre Benutzung dieser Website werden in der Regel an einen Server von Google in den USA \u00fcbertragen und dort gespeichert.\n\nIst die IP-Anonymisierung auf dieser Website aktiviert, wird Ihre IP-Adresse von Google innerhalb der Mitgliedstaaten der Europ\u00e4ischen Union oder in anderen Vertragsstaaten des Abkommens \u00fcber den Europ\u00e4ischen Wirtschaftsraum zuvor gek\u00fcrzt. Nur in Ausnahmef\u00e4llen wird die volle IP-Adresse an einen Server von Google in den USA \u00fcbertragen und dort gek\u00fcrzt.\n\nIm Auftrag des Betreibers dieser Website wird Google diese Informationen benutzen, um Ihre Nutzung der Website auszuwerten, um Reports \u00fcber die Websiteaktivit\u00e4ten zusammenzustellen und um weitere mit der Websitenutzung und der Internetnutzung verbundene Dienstleistungen gegen\u00fcber dem Websitebetreiber zu erbringen. Die von Ihrem Browser im Rahmen von Google Analytics \u00fcbermittelte IP-Adresse wird nicht mit anderen Daten von Google zusammengef\u00fchrt.\n\nSie k\u00f6nnen die Speicherung der Cookies durch eine entsprechende Einstellung Ihrer Browser-Software verhindern; wir weisen Sie jedoch darauf hin, dass Sie in diesem Fall gegebenenfalls nicht s\u00e4mtliche Funktionen dieser Website vollumf\u00e4nglich nutzen k\u00f6nnen. Sie k\u00f6nnen dar\u00fcber hinaus die Erfassung der durch den Cookie erzeugten und auf Ihre Nutzung der Website bezogenen Daten (inklusive Ihrer IP-Adresse) sowie die Verarbeitung dieser Daten durch Google verhindern, indem Sie das unter dem folgenden Link verf\u00fcgbare Browser-Plugin herunterladen und installieren:\nhttp:\/\/tools.google.com\/dlpage\/gaoptout?hl=de<\/p>\n<p>&nbsp;<\/p>\n<p>&nbsp;<\/p>\n<h3>Hinweis zu Google Maps<\/h3>\n<p>Wir nutzen auf unserer Website Google Maps, um Ihnen eine pr\u00e4zise Anfahrtsbeschreibung bereitzustellen. Google Maps verwendet dabei bis zu vier Cookies: khcookie, NID, SNID und PREF.\n\nWir setzen interaktive Karten von Google ein, da wir davon \u00fcberzeugt sind, dass sie unseren Besucherinnen und Besuchern helfen, den besten Weg zu uns zu finden. Grundlage f\u00fcr die Nutzung ist die Datenschutzerkl\u00e4rung von Google, die unter\nhttps:\/\/www.google.com\/intl\/de_de\/help\/terms_maps.html\n\nabrufbar ist, sowie die Nutzungsbedingungen f\u00fcr Google Maps, die Sie unter\nhttp:\/\/www.google.co.uk\/intl\/de-DE\/policies\/\n\neinsehen k\u00f6nnen.<\/p>\n<h5><b>Facebook Pixel<\/b><\/h5>\n<p class=\"translation-block\">Auf unserer Website ist das Facebook Pixel eingebunden. Dabei erh\u00e4lt Facebook unter anderem folgende Daten:\n\nHTTP-Header:\nAlle Informationen, die in HTTP-Headern enthalten sind. HTTP-Header sind ein standardisiertes Webprotokoll, das bei allen Browseranfragen und Serverantworten im Internet \u00fcbermittelt wird. Dazu geh\u00f6ren unter anderem IP-Adressen, Informationen zum verwendeten Webbrowser, der Standort der Website, das aufgerufene Dokument, die Referrer-URL sowie Angaben zur Person, die die Website nutzt.\n\nPixelspezifische Daten:\nDiese beinhalten die Pixel-ID sowie das Facebook-Cookie (siehe Datenschutzerkl\u00e4rung zu Facebook-Cookies).\n\nDaten zu Button-Klicks:\nHierzu z\u00e4hlen alle Buttons, die Besucherinnen und Besucher der Website angeklickt haben, die Beschriftungen dieser Buttons sowie alle Seiten, die infolge dieser Klicks aufgerufen wurden.\n\nOptionale Werte:\nEntwicklerinnen, Entwickler sowie Marketingverantwortliche k\u00f6nnen optional weitere Informationen \u00fcber den Besuch mittels Conversion-Tracking \u00fcbermitteln. Beispiele f\u00fcr benutzerdefinierte Datenereignisse sind der Conversion-Wert, der Seitentyp und weitere Angaben.\n\nFormularfelddaten:\nDiese umfassen die Namen von Website-Feldern wie z. B. \u201eE-Mail\u201c, \u201eAdresse\u201c oder \u201eMenge\u201c beim Kauf eines Produkts oder einer Dienstleistung. Feldwerte werden nur dann erfasst, wenn sie im Rahmen des erweiterten Abgleichs, des Conversion-Trackings oder der Nutzerattribute explizit hinzugef\u00fcgt werden.<\/p>\n<p>&nbsp;<\/p>\n<p>Weitere Informationen zu den von Facebook erhobenen Daten finden Sie unter folgendem Link:\nhttps:\/\/developers.facebook.com\/docs\/facebook-pixel\/implementation\/gdpr\/<\/p>\n<p>Wenn Sie nicht m\u00f6chten, dass Facebook den Besuch unserer Website Ihrem Facebook-Nutzerkonto zuordnet, loggen Sie sich bitte aus Ihrem Facebook-Benutzerkonto aus.<\/p>\n<p>&nbsp;<\/p>\n<h3>Auskunft, L\u00f6schung, Sperrung<\/h3>\n<p>Sie haben jederzeit das Recht auf unentgeltliche Auskunft \u00fcber Ihre gespeicherten personenbezogenen Daten, deren Herkunft und Empf\u00e4nger sowie den Zweck der Datenverarbeitung. Au\u00dferdem haben Sie ein Recht auf Berichtigung, Sperrung oder L\u00f6schung dieser Daten.\n\nHierzu sowie zu weiteren Fragen zum Thema personenbezogene Daten k\u00f6nnen Sie sich jederzeit unter der im Impressum angegebenen Adresse an uns wenden.<\/p>\n<p>&nbsp;<\/p>\n<p>&nbsp;<\/p>\n<h3>Widerspruch gegen Werbe-E-Mails<\/h3>\n<p>Der Nutzung von im Rahmen der Impressumspflicht ver\u00f6ffentlichten Kontaktdaten zur \u00dcbersendung von nicht ausdr\u00fccklich angeforderter Werbung und Informationsmaterialien wird hiermit widersprochen. Die Betreiber der Seiten behalten sich ausdr\u00fccklich rechtliche Schritte im Falle der unverlangten Zusendung von Werbeinformationen, etwa durch Spam-E-Mails, vor.<\/p>\n<h3>Aus\u00fcbung Ihrer Rechte<\/h3>\n<p>Die genannten Rechte k\u00f6nnen geltend gemacht werden bei:<\/p>\n<p>&nbsp;<\/p>\n<h4><b>Kollegger Metallbau GmbH<\/b><\/h4>\n<p>Adresse: A-8061 St. Radegund, Grazer Stra\u00dfe 60<\/p>\n<p>Telefon: +43 \/ 3132 \/ 5441 \u2013 0<br \/>Email: office@kollegger.net<\/p>\n<\/div>\n<\/div>\n<\/div>\n<\/div>\n<\/div>\n<\/div>\n<div class=\"elementor-column elementor-col-16 elementor-inner-column elementor-element elementor-element-c487931\" data-id=\"c487931\" data-element_type=\"column\">\n<div class=\"elementor-column-wrap\">\n<div class=\"elementor-widget-wrap\">\u00a0<\/div>\n<\/div>\n<\/div>\n<\/div>\n<\/div>\n<\/section>\n<div class=\"elementor-element elementor-element-3aae589 s-space-40 elementor-widget elementor-widget-spacer\" data-id=\"3aae589\" data-element_type=\"widget\" data-widget_type=\"spacer.default\">\n<div class=\"elementor-widget-container\">\n<div class=\"elementor-spacer\">\n<div class=\"elementor-spacer-inner\">\u00a0<\/div>\n<\/div>\n<\/div>\n<\/div>\n<\/div>\n<\/div>\n<\/div>\n<\/div>\n<\/div>\n<\/section>\n<\/div>\n<\/div>\n<\/div>\n<\/div>\n<\/article>\n<p><\/main><\/div>\n<\/div>\n<\/div>\n<footer id=\"colophon\" class=\"site-footer\">\n<div class=\"ast-small-footer footer-sml-layout-2\">\n<div class=\"ast-footer-overlay\">\n<div class=\"ast-container\">\n<div class=\"ast-small-footer-wrap\">\n<div class=\"ast-row ast-flex\">\n<div class=\"ast-small-footer-section ast-small-footer-section-1 ast-small-footer-section-equally ast-col-md-6 ast-col-xs-12\">Copyright \u00a9 2025 <span class=\"ast-footer-site-title\">Kollegger Metallbau<\/span><\/div>\n<\/div>\n<\/div>\n<\/div>\n<\/div>\n<\/div>\n<\/footer>","protected":false},"excerpt":{"rendered":"<p>Data Privacy Policy The operators of these pages take the protection of your personal data very seriously. We treat your personal data confidentially and in accordance with the statutory data&#8230;<\/p>","protected":false},"author":1,"featured_media":0,"parent":0,"menu_order":0,"comment_status":"closed","ping_status":"open","template":"","meta":{"footnotes":""},"class_list":["post-3","page","type-page","status-publish"],"yoast_head":"<!-- This site is optimized with the Yoast SEO plugin v26.5 - https:\/\/yoast.com\/wordpress\/plugins\/seo\/ -->\n<title>Data privacy policy - Kollegger Metallbau GmbH<\/title>\n<meta name=\"robots\" content=\"index, follow, max-snippet:-1, max-image-preview:large, max-video-preview:-1\" \/>\n<link rel=\"canonical\" href=\"https:\/\/kollegger.net\/de\/datenschutzerklaerung\/\" \/>\n<meta property=\"og:locale\" content=\"de_DE\" \/>\n<meta property=\"og:type\" content=\"article\" \/>\n<meta property=\"og:title\" content=\"Data privacy policy - Kollegger Metallbau GmbH\" \/>\n<meta property=\"og:description\" content=\"Data Privacy Policy The operators of these pages take the protection of your personal data very seriously. We treat your personal data confidentially and in accordance with the statutory data...\" \/>\n<meta property=\"og:url\" content=\"https:\/\/kollegger.net\/de\/datenschutzerklaerung\/\" \/>\n<meta property=\"og:site_name\" content=\"Kollegger Metallbau GmbH\" \/>\n<meta property=\"article:modified_time\" content=\"2025-02-26T09:23:32+00:00\" \/>\n<meta name=\"twitter:card\" content=\"summary_large_image\" \/>\n<meta name=\"twitter:label1\" content=\"Gesch\u00e4tzte Lesezeit\" \/>\n\t<meta name=\"twitter:data1\" content=\"6\u00a0Minuten\" \/>\n<script type=\"application\/ld+json\" class=\"yoast-schema-graph\">{\"@context\":\"https:\/\/schema.org\",\"@graph\":[{\"@type\":\"WebPage\",\"@id\":\"https:\/\/kollegger.net\/datenschutzerklaerung\/\",\"url\":\"https:\/\/kollegger.net\/datenschutzerklaerung\/\",\"name\":\"Data privacy policy - Kollegger Metallbau GmbH\",\"isPartOf\":{\"@id\":\"https:\/\/kollegger.net\/#website\"},\"datePublished\":\"2025-02-25T09:32:36+00:00\",\"dateModified\":\"2025-02-26T09:23:32+00:00\",\"breadcrumb\":{\"@id\":\"https:\/\/kollegger.net\/datenschutzerklaerung\/#breadcrumb\"},\"inLanguage\":\"de\",\"potentialAction\":[{\"@type\":\"ReadAction\",\"target\":[\"https:\/\/kollegger.net\/datenschutzerklaerung\/\"]}]},{\"@type\":\"BreadcrumbList\",\"@id\":\"https:\/\/kollegger.net\/datenschutzerklaerung\/#breadcrumb\",\"itemListElement\":[{\"@type\":\"ListItem\",\"position\":1,\"name\":\"Startseite\",\"item\":\"https:\/\/kollegger.net\/\"},{\"@type\":\"ListItem\",\"position\":2,\"name\":\"Data privacy policy\"}]},{\"@type\":\"WebSite\",\"@id\":\"https:\/\/kollegger.net\/#website\",\"url\":\"https:\/\/kollegger.net\/\",\"name\":\"Kollegger\",\"description\":\"Kollegger Metallbau \u2013 Pr\u00e4zisionsmetallbau f\u00fcr Architektur und Industrie in \u00d6sterreich Metallbau \u2013 Ma\u00dfgeschneiderter Metallbau in \u00d6sterreich\",\"publisher\":{\"@id\":\"https:\/\/kollegger.net\/#organization\"},\"potentialAction\":[{\"@type\":\"SearchAction\",\"target\":{\"@type\":\"EntryPoint\",\"urlTemplate\":\"https:\/\/kollegger.net\/?s={search_term_string}\"},\"query-input\":{\"@type\":\"PropertyValueSpecification\",\"valueRequired\":true,\"valueName\":\"search_term_string\"}}],\"inLanguage\":\"de\"},{\"@type\":\"Organization\",\"@id\":\"https:\/\/kollegger.net\/#organization\",\"name\":\"Kollegger\",\"url\":\"https:\/\/kollegger.net\/\",\"logo\":{\"@type\":\"ImageObject\",\"inLanguage\":\"de\",\"@id\":\"https:\/\/kollegger.net\/#\/schema\/logo\/image\/\",\"url\":\"https:\/\/kollegger.net\/wp-content\/uploads\/2025\/02\/kl.png\",\"contentUrl\":\"https:\/\/kollegger.net\/wp-content\/uploads\/2025\/02\/kl.png\",\"width\":295,\"height\":294,\"caption\":\"Kollegger\"},\"image\":{\"@id\":\"https:\/\/kollegger.net\/#\/schema\/logo\/image\/\"}}]}<\/script>\n<!-- \/ Yoast SEO plugin. -->","yoast_head_json":{"title":"Data privacy policy - Kollegger Metallbau GmbH","robots":{"index":"index","follow":"follow","max-snippet":"max-snippet:-1","max-image-preview":"max-image-preview:large","max-video-preview":"max-video-preview:-1"},"canonical":"https:\/\/kollegger.net\/de\/datenschutzerklaerung\/","og_locale":"de_DE","og_type":"article","og_title":"Data privacy policy - Kollegger Metallbau GmbH","og_description":"Data Privacy Policy The operators of these pages take the protection of your personal data very seriously. We treat your personal data confidentially and in accordance with the statutory data...","og_url":"https:\/\/kollegger.net\/de\/datenschutzerklaerung\/","og_site_name":"Kollegger Metallbau GmbH","article_modified_time":"2025-02-26T09:23:32+00:00","twitter_card":"summary_large_image","twitter_misc":{"Gesch\u00e4tzte Lesezeit":"6\u00a0Minuten"},"schema":{"@context":"https:\/\/schema.org","@graph":[{"@type":"WebPage","@id":"https:\/\/kollegger.net\/datenschutzerklaerung\/","url":"https:\/\/kollegger.net\/datenschutzerklaerung\/","name":"Data privacy policy - Kollegger Metallbau GmbH","isPartOf":{"@id":"https:\/\/kollegger.net\/#website"},"datePublished":"2025-02-25T09:32:36+00:00","dateModified":"2025-02-26T09:23:32+00:00","breadcrumb":{"@id":"https:\/\/kollegger.net\/datenschutzerklaerung\/#breadcrumb"},"inLanguage":"de","potentialAction":[{"@type":"ReadAction","target":["https:\/\/kollegger.net\/datenschutzerklaerung\/"]}]},{"@type":"BreadcrumbList","@id":"https:\/\/kollegger.net\/datenschutzerklaerung\/#breadcrumb","itemListElement":[{"@type":"ListItem","position":1,"name":"Startseite","item":"https:\/\/kollegger.net\/"},{"@type":"ListItem","position":2,"name":"Data privacy policy"}]},{"@type":"WebSite","@id":"https:\/\/kollegger.net\/#website","url":"https:\/\/kollegger.net\/","name":"Kollegger Metallbau \u2013 Pr\u00e4zisionsmetallbau f\u00fcr Architektur und Industrie in \u00d6sterreich","description":"Kollegger Metallbau \u2013 Pr\u00e4zisionsmetallbau f\u00fcr Architektur und Industrie in \u00d6sterreich Metallbau \u2013 Ma\u00dfgeschneiderter Metallbau in \u00d6sterreich","publisher":{"@id":"https:\/\/kollegger.net\/#organization"},"potentialAction":[{"@type":"SearchAction","target":{"@type":"EntryPoint","urlTemplate":"https:\/\/kollegger.net\/?s={search_term_string}"},"query-input":{"@type":"PropertyValueSpecification","valueRequired":true,"valueName":"search_term_string"}}],"inLanguage":"de"},{"@type":"Organization","@id":"https:\/\/kollegger.net\/#organization","name":"Kollegger Metallbau \u2013 Pr\u00e4zisionsmetallbau f\u00fcr Architektur und Industrie in \u00d6sterreich","url":"https:\/\/kollegger.net\/","logo":{"@type":"ImageObject","inLanguage":"de","@id":"https:\/\/kollegger.net\/#\/schema\/logo\/image\/","url":"https:\/\/kollegger.net\/wp-content\/uploads\/2025\/02\/kl.png","contentUrl":"https:\/\/kollegger.net\/wp-content\/uploads\/2025\/02\/kl.png","width":295,"height":294,"caption":"Kollegger"},"image":{"@id":"https:\/\/kollegger.net\/#\/schema\/logo\/image\/"}}]}},"_links":{"self":[{"href":"https:\/\/kollegger.net\/de\/wp-json\/wp\/v2\/pages\/3","targetHints":{"allow":["GET"]}}],"collection":[{"href":"https:\/\/kollegger.net\/de\/wp-json\/wp\/v2\/pages"}],"about":[{"href":"https:\/\/kollegger.net\/de\/wp-json\/wp\/v2\/types\/page"}],"author":[{"embeddable":true,"href":"https:\/\/kollegger.net\/de\/wp-json\/wp\/v2\/users\/1"}],"replies":[{"embeddable":true,"href":"https:\/\/kollegger.net\/de\/wp-json\/wp\/v2\/comments?post=3"}],"version-history":[{"count":1,"href":"https:\/\/kollegger.net\/de\/wp-json\/wp\/v2\/pages\/3\/revisions"}],"predecessor-version":[{"id":435,"href":"https:\/\/kollegger.net\/de\/wp-json\/wp\/v2\/pages\/3\/revisions\/435"}],"wp:attachment":[{"href":"https:\/\/kollegger.net\/de\/wp-json\/wp\/v2\/media?parent=3"}],"curies":[{"name":"wp","href":"https:\/\/api.w.org\/{rel}","templated":true}]}}