{"id":770,"date":"2025-10-14T13:31:32","date_gmt":"2025-10-14T11:31:32","guid":{"rendered":"http:\/\/kollegger.net.astronomix.koerbler.com\/?page_id=770"},"modified":"2025-10-14T13:33:01","modified_gmt":"2025-10-14T11:33:01","slug":"about-copy-copy","status":"publish","type":"page","link":"https:\/\/kollegger.net\/de\/about-copy-copy\/","title":{"rendered":"About Copy Copy"},"content":{"rendered":"<div id=\"fws_69f2faa31beef\"  data-column-margin=\"default\" data-midnight=\"light\" data-top-percent=\"12%\" data-bottom-percent=\"12%\"  class=\"wpb_row vc_row-fluid vc_row full-width-content vc_row-o-equal-height vc_row-flex vc_row-o-content-top  zindex-set right_padding_10pct left_padding_10pct top_padding_tablet_20pct top_padding_phone_25pct\"  style=\"padding-top: calc(100vw * 0.12); padding-bottom: calc(100vw * 0.12);  z-index: 100;\"><div class=\"row-bg-wrap\" data-bg-animation=\"fade-in\" data-bg-animation-delay=\"\" data-bg-overlay=\"true\"><div class=\"inner-wrap row-bg-layer using-image\" ><div class=\"row-bg viewport-desktop using-image lazyload\"  style=\"background-image:inherit; background-position: left top; background-repeat: no-repeat; \" data-bg-image=\"url(https:\/\/kollegger.net\/wp-content\/uploads\/2025\/02\/Montreux-CH-5.jpg)\"><\/div><\/div><div class=\"row-bg-overlay row-bg-layer\" style=\"background: linear-gradient(to bottom,rgba(255,255,255,0.001) 25%,#141414 100%);  opacity: 0.5; \"><\/div><\/div><div class=\"row_col_wrap_12 col span_12 light left\">\n\t<div  class=\"vc_col-sm-12 wpb_column column_container vc_column_container col no-extra-padding inherit_tablet inherit_phone\"  data-padding-pos=\"all\" data-has-bg-color=\"false\" data-bg-color=\"\" data-bg-opacity=\"1\" data-animation=\"\" data-delay=\"0\" >\n\t\t<div class=\"vc_column-inner\" >\n\t\t\t<div class=\"wpb_wrapper\">\n\t\t\t\t<div id=\"fws_69f2faa31c305\" data-midnight=\"\" data-column-margin=\"default\" class=\"wpb_row vc_row-fluid vc_row inner_row vc_row-o-equal-height vc_row-flex vc_row-o-content-middle\"  style=\"\"><div class=\"row-bg-wrap\"> <div class=\"row-bg\" ><\/div> <\/div><div class=\"row_col_wrap_12_inner col span_12  left\">\n\t<div  class=\"vc_col-sm-4\/5 vc_col-md-9 wpb_column column_container vc_column_container col child_column no-extra-padding bottom_margin_tablet_20px inherit_tablet inherit_phone\"    data-t-w-inherits=\"small_desktop\" data-padding-pos=\"all\" data-has-bg-color=\"false\" data-bg-color=\"\" data-bg-opacity=\"1\" data-animation=\"\" data-delay=\"0\" >\n\t\t<div class=\"vc_column-inner\" >\n\t\t<div class=\"wpb_wrapper\">\n\t\t\t<div class=\"nectar-split-heading  font_size_9vw font_size_tablet_9vw font_size_phone_10vw\" data-align=\"default\" data-m-align=\"inherit\" data-text-effect=\"letter-reveal-bottom\" data-animation-type=\"line-reveal-by-space\" data-animation-delay=\"0\" data-animation-offset=\"\" data-m-rm-animation=\"true\" data-stagger=\"true\" data-custom-font-size=\"true\" style=\"font-size: 9vw; line-height: 9.9vw;\"><h1 >Kollegger Metallbau<\/h1><\/div>\n\t\t<\/div> \n\t<\/div>\n\t<\/div> \n\n\t<div  class=\"vc_col-sm-1\/5 vc_col-md-3 wpb_column column_container vc_column_container col child_column has-animation no-extra-padding el_spacing_10px inherit_tablet inherit_phone mobile-disable-entrance-animation\"    data-t-w-inherits=\"small_desktop\" data-padding-pos=\"all\" data-has-bg-color=\"false\" data-bg-color=\"\" data-bg-opacity=\"1\" data-animation=\"fade-in-from-bottom\" data-delay=\"500\" >\n\t\t<div class=\"vc_column-inner\" >\n\t\t<div class=\"wpb_wrapper\">\n\t\t\t<div class=\"nectar-cta  alignment_tablet_default alignment_phone_default display_tablet_inherit display_phone_inline-block\" data-color=\"default\" data-using-bg=\"false\" data-display=\"block\" data-style=\"underline\" data-alignment=\"left\" data-text-color=\"custom\" style=\"margin-right: 25px; \"><h6 style=\"color: #0a0a0a;\"> <span class=\"link_wrap\" ><a  class=\"link_text\" style=\"border-color: #0a0a0a;\" role=\"button\" href=\"#team\">Team<\/a><\/span><\/h6><\/div>\n\t\t<\/div> \n\t<\/div>\n\t<\/div> \n<\/div><\/div><a href=\"https:\/\/www.youtube.com\/watch?v=pUwrzQ2qSC8\"  data-style=\"default\" data-parent-hover=\"\" data-font-style=\"p\" data-color=\"default\" class=\"play_button large nectar_video_lightbox pp\"><span><span class=\"screen-reader-text\">Play Video<\/span><span class=\"play\"><span class=\"inner-wrap inner\"><svg role=\"none\" version=\"1.1\"\n\t xmlns=\"http:\/\/www.w3.org\/2000\/svg\" xmlns:xlink=\"http:\/\/www.w3.org\/1999\/xlink\" width=\"600px\" height=\"800px\" x=\"0px\" y=\"0px\" viewbox=\"0 0 600 800\" enable-background=\"new 0 0 600 800\" xml:space=\"preserve\"><path fill=\"none\" d=\"M0-1.79v800L600,395L0-1.79z\"><\/path> <\/svg><\/span><\/span><\/span><\/a>\n\t\t\t<\/div> \n\t\t<\/div>\n\t<\/div> \n<\/div><\/div>\n\t\t<div id=\"fws_69f2faa31cd1f\"  data-column-margin=\"default\" data-midnight=\"dark\" data-top-percent=\"10%\" data-bottom-percent=\"5%\"  class=\"wpb_row vc_row-fluid vc_row full-width-content vc_row-o-equal-height vc_row-flex vc_row-o-content-top  right_padding_27pct left_padding_27pct top_padding_tablet_20pct bottom_padding_tablet_10pct right_padding_tablet_20pct right_padding_phone_6pct left_padding_tablet_20pct left_padding_phone_6pct\"  style=\"padding-top: calc(100vw * 0.10); padding-bottom: calc(100vw * 0.05); \"><div class=\"row-bg-wrap\" data-bg-animation=\"none\" data-bg-animation-delay=\"\" data-bg-overlay=\"false\"><div class=\"inner-wrap row-bg-layer\" ><div class=\"row-bg viewport-desktop\"  style=\"\"><\/div><\/div><\/div><div class=\"row_col_wrap_12 col span_12 dark left\">\n\t<div  class=\"vc_col-sm-12 wpb_column column_container vc_column_container col centered-text no-extra-padding el_spacing_0px inherit_tablet inherit_phone\"  data-padding-pos=\"all\" data-has-bg-color=\"false\" data-bg-color=\"\" data-bg-opacity=\"1\" data-animation=\"\" data-delay=\"0\" >\n\t\t<div class=\"vc_column-inner\" >\n\t\t\t<div class=\"wpb_wrapper\">\n\t\t\t\t<div id=\"fws_69f2faa31cfc3\" data-midnight=\"\" data-column-margin=\"20px\" class=\"wpb_row vc_row-fluid vc_row inner_row\"  style=\"\"><div class=\"row-bg-wrap\"> <div class=\"row-bg\" ><\/div> <\/div><div class=\"row_col_wrap_12_inner col span_12  left\">\n\t<div style=\"margin-bottom: 20px; \" class=\"vc_col-sm-12 wpb_column column_container vc_column_container col child_column has-animation no-extra-padding el_spacing_0px inherit_tablet inherit_phone\"   data-padding-pos=\"all\" data-has-bg-color=\"false\" data-bg-color=\"\" data-bg-opacity=\"1\" data-animation=\"fade-in-from-bottom\" data-delay=\"0\" data-animation-offset=\"80%\" >\n\t\t<div class=\"vc_column-inner\" >\n\t\t<div class=\"wpb_wrapper\">\n\t\t\t<style id=\"wpforms-css-vars-764\">\n\t\t\t\t#wpforms-764 {\n\t\t\t\t\n\t\t\t}\n\t\t\t<\/style><div class=\"wpforms-container wpforms-container-full wpforms-render-modern\" id=\"wpforms-764\"><form id=\"wpforms-form-764\" class=\"wpforms-validate wpforms-form wpforms-ajax-form\" data-formid=\"764\" method=\"post\" enctype=\"multipart\/form-data\" action=\"\/de\/wp-json\/wp\/v2\/pages\/770\" data-token=\"bb5bc06e0713afcabecde6968e3bc4b3\" data-token-time=\"1777531555\" data-trp-original-action=\"\/de\/wp-json\/wp\/v2\/pages\/770\"><noscript class=\"wpforms-error-noscript\">Bitte aktiviere JavaScript in deinem Browser, um dieses Formular fertigzustellen.<\/noscript><div id=\"wpforms-error-noscript\" style=\"display: none;\">Bitte aktiviere JavaScript in deinem Browser, um dieses Formular fertigzustellen.<\/div><div class=\"wpforms-field-container\"><div id=\"wpforms-764-field_1-container\" class=\"wpforms-field wpforms-field-name\" data-field-id=\"1\"><fieldset><legend class=\"wpforms-field-label\">Name <span class=\"wpforms-required-label\" aria-hidden=\"true\">*<\/span><\/legend><div class=\"wpforms-field-row wpforms-field-medium\"><div class=\"wpforms-field-row-block wpforms-first wpforms-one-half\"><input type=\"text\" id=\"wpforms-764-field_1\" class=\"wpforms-field-name-first wpforms-field-required\" name=\"wpforms[fields][1][first]\" aria-errormessage=\"wpforms-764-field_1-error\" required><label for=\"wpforms-764-field_1\" class=\"wpforms-field-sublabel after\">Vorname<\/label><\/div><div class=\"wpforms-field-row-block wpforms-one-half\"><input type=\"text\" id=\"wpforms-764-field_1-last\" class=\"wpforms-field-name-last wpforms-field-required\" name=\"wpforms[fields][1][last]\" aria-errormessage=\"wpforms-764-field_1-last-error\" required><label for=\"wpforms-764-field_1-last\" class=\"wpforms-field-sublabel after\">Nachname<\/label><\/div><\/div><\/fieldset><\/div><div id=\"wpforms-764-field_8-container\" class=\"wpforms-field wpforms-field-email\" data-field-id=\"8\"><label class=\"wpforms-field-label\" for=\"wpforms-764-field_8\">Email <span class=\"wpforms-required-label\" aria-hidden=\"true\">*<\/span><\/label><input type=\"email\" id=\"wpforms-764-field_8\" class=\"wpforms-field-medium wpforms-field-required\" name=\"wpforms[fields][8]\" spellcheck=\"false\" aria-errormessage=\"wpforms-764-field_8-error\" required><\/div><div id=\"wpforms-764-field_4-container\" class=\"wpforms-field wpforms-field-radio\" data-field-id=\"4\"><fieldset><legend class=\"wpforms-field-label\">Hast du bereits Erfahrung im Fassadenbau?<\/legend><ul id=\"wpforms-764-field_4\"><li class=\"choice-1 depth-1\"><input type=\"radio\" id=\"wpforms-764-field_4_1\" name=\"wpforms[fields][4]\" value=\"Ja (mind 5 Jahre)\" aria-errormessage=\"wpforms-764-field_4_1-error\"  ><label class=\"wpforms-field-label-inline\" for=\"wpforms-764-field_4_1\">Ja (mind 5 Jahre)<\/label><\/li><li class=\"choice-2 depth-1\"><input type=\"radio\" id=\"wpforms-764-field_4_2\" name=\"wpforms[fields][4]\" value=\"Nein\" aria-errormessage=\"wpforms-764-field_4_2-error\"  ><label class=\"wpforms-field-label-inline\" for=\"wpforms-764-field_4_2\">Nein<\/label><\/li><li class=\"choice-3 depth-1\"><input type=\"radio\" id=\"wpforms-764-field_4_3\" name=\"wpforms[fields][4]\" value=\"Nur geringf\u00fcgig\" aria-errormessage=\"wpforms-764-field_4_3-error\"  ><label class=\"wpforms-field-label-inline\" for=\"wpforms-764-field_4_3\">Nur geringf\u00fcgig<\/label><\/li><\/ul><\/fieldset><\/div><div id=\"wpforms-764-field_9-container\" class=\"wpforms-field wpforms-field-radio\" data-field-id=\"9\"><fieldset><legend class=\"wpforms-field-label\">Hast du bereits Erfahrung im Metallbau?<\/legend><ul id=\"wpforms-764-field_9\"><li class=\"choice-1 depth-1\"><input type=\"radio\" id=\"wpforms-764-field_9_1\" name=\"wpforms[fields][9]\" value=\"Ja (mind 5 Jahre)\" aria-errormessage=\"wpforms-764-field_9_1-error\"  ><label class=\"wpforms-field-label-inline\" for=\"wpforms-764-field_9_1\">Ja (mind 5 Jahre)<\/label><\/li><li class=\"choice-2 depth-1\"><input type=\"radio\" id=\"wpforms-764-field_9_2\" name=\"wpforms[fields][9]\" value=\"Nein\" aria-errormessage=\"wpforms-764-field_9_2-error\"  ><label class=\"wpforms-field-label-inline\" for=\"wpforms-764-field_9_2\">Nein<\/label><\/li><li class=\"choice-3 depth-1\"><input type=\"radio\" id=\"wpforms-764-field_9_3\" name=\"wpforms[fields][9]\" value=\"Nur geringf\u00fcgig\" aria-errormessage=\"wpforms-764-field_9_3-error\"  ><label class=\"wpforms-field-label-inline\" for=\"wpforms-764-field_9_3\">Nur geringf\u00fcgig<\/label><\/li><\/ul><\/fieldset><\/div><div id=\"wpforms-764-field_10-container\" class=\"wpforms-field wpforms-field-radio\" data-field-id=\"10\"><fieldset><legend class=\"wpforms-field-label\">Welche handwerklichen F\u00e4higkeiten bringst du mit? (Mehrfachauswahl m\u00f6glich) *<\/legend><ul id=\"wpforms-764-field_10\"><li class=\"choice-1 depth-1\"><input type=\"radio\" id=\"wpforms-764-field_10_1\" name=\"wpforms[fields][10]\" value=\"Montageleitung\/Organisation\/\" aria-errormessage=\"wpforms-764-field_10_1-error\"  ><label class=\"wpforms-field-label-inline\" for=\"wpforms-764-field_10_1\">Montageleitung\/Organisation\/<\/label><\/li><li class=\"choice-2 depth-1\"><input type=\"radio\" id=\"wpforms-764-field_10_2\" name=\"wpforms[fields][10]\" value=\"F\u00fchren von Mitarbeitern\" aria-errormessage=\"wpforms-764-field_10_2-error\"  ><label class=\"wpforms-field-label-inline\" for=\"wpforms-764-field_10_2\">F\u00fchren von Mitarbeitern<\/label><\/li><li class=\"choice-3 depth-1\"><input type=\"radio\" id=\"wpforms-764-field_10_3\" name=\"wpforms[fields][10]\" value=\"Lesen von technischen Zeichnungen\" aria-errormessage=\"wpforms-764-field_10_3-error\"  ><label class=\"wpforms-field-label-inline\" for=\"wpforms-764-field_10_3\">Lesen von technischen Zeichnungen<\/label><\/li><li class=\"choice-5 depth-1\"><input type=\"radio\" id=\"wpforms-764-field_10_5\" name=\"wpforms[fields][10]\" value=\"Englische Sprache\" aria-errormessage=\"wpforms-764-field_10_5-error\"  ><label class=\"wpforms-field-label-inline\" for=\"wpforms-764-field_10_5\">Englische Sprache<\/label><\/li><\/ul><\/fieldset><\/div><div id=\"wpforms-764-field_11-container\" class=\"wpforms-field wpforms-field-text\" data-field-id=\"11\"><label class=\"wpforms-field-label\" for=\"wpforms-764-field_11\">weitere Sprachen<\/label><input type=\"text\" id=\"wpforms-764-field_11\" class=\"wpforms-field-medium\" name=\"wpforms[fields][11]\" aria-errormessage=\"wpforms-764-field_11-error\" ><\/div>\t\t<div id=\"wpforms-764-field_2-container\"\n\t\t\tclass=\"wpforms-field wpforms-field-text\"\n\t\t\tdata-field-type=\"text\"\n\t\t\tdata-field-id=\"2\"\n\t\t\t>\n\t\t\t<label class=\"wpforms-field-label\" for=\"wpforms-764-field_2\" >Sprachen (Mehrfachauswahl Hast<\/label>\n\t\t\t<input type=\"text\" id=\"wpforms-764-field_2\" class=\"wpforms-field-medium\" name=\"wpforms[fields][2]\" >\n\t\t<\/div>\n\t\t<div id=\"wpforms-764-field_12-container\" class=\"wpforms-field wpforms-field-radio\" data-field-id=\"12\"><fieldset><legend class=\"wpforms-field-label\">Hast du einen g\u00fcltigen F\u00fchrerschein Klasse B und ein eigenes Fahrzeug?<\/legend><ul id=\"wpforms-764-field_12\"><li class=\"choice-1 depth-1\"><input type=\"radio\" id=\"wpforms-764-field_12_1\" name=\"wpforms[fields][12]\" value=\"F\u00fchrerschein + Auto\" aria-errormessage=\"wpforms-764-field_12_1-error\"  ><label class=\"wpforms-field-label-inline\" for=\"wpforms-764-field_12_1\">F\u00fchrerschein + Auto<\/label><\/li><li class=\"choice-2 depth-1\"><input type=\"radio\" id=\"wpforms-764-field_12_2\" name=\"wpforms[fields][12]\" value=\"Nur F\u00fchrerschein\" aria-errormessage=\"wpforms-764-field_12_2-error\"  ><label class=\"wpforms-field-label-inline\" for=\"wpforms-764-field_12_2\">Nur F\u00fchrerschein<\/label><\/li><li class=\"choice-3 depth-1\"><input type=\"radio\" id=\"wpforms-764-field_12_3\" name=\"wpforms[fields][12]\" value=\"Nein\" aria-errormessage=\"wpforms-764-field_12_3-error\"  ><label class=\"wpforms-field-label-inline\" for=\"wpforms-764-field_12_3\">Nein<\/label><\/li><\/ul><\/fieldset><\/div><div id=\"wpforms-764-field_13-container\" class=\"wpforms-field wpforms-field-text\" data-field-id=\"13\"><label class=\"wpforms-field-label\" for=\"wpforms-764-field_13\">Ab wann k\u00f6nntest du bei uns starten?<\/label><input type=\"text\" id=\"wpforms-764-field_13\" class=\"wpforms-field-medium\" name=\"wpforms[fields][13]\" aria-errormessage=\"wpforms-764-field_13-error\" ><\/div><div id=\"wpforms-764-field_7-container\" class=\"wpforms-field wpforms-field-textarea\" data-field-id=\"7\"><label class=\"wpforms-field-label\" for=\"wpforms-764-field_7\">Any comments or questions?<\/label><textarea id=\"wpforms-764-field_7\" class=\"wpforms-field-medium\" name=\"wpforms[fields][7]\" aria-errormessage=\"wpforms-764-field_7-error\" ><\/textarea><\/div><script>\n\t\t\t\t( function() {\n\t\t\t\t\tconst style = document.createElement( 'style' );\n\t\t\t\t\tstyle.appendChild( document.createTextNode( '#wpforms-764-field_2-container { position: absolute !important; overflow: hidden !important; display: inline !important; height: 1px !important; width: 1px !important; z-index: -1000 !important; padding: 0 !important; } #wpforms-764-field_2-container input { visibility: hidden; } #wpforms-conversational-form-page #wpforms-764-field_2-container label { counter-increment: none; }' ) );\n\t\t\t\t\tdocument.head.appendChild( style );\n\t\t\t\t\tdocument.currentScript?.remove();\n\t\t\t\t} )();\n\t\t\t<\/script><\/div><!-- .wpforms-field-container --><div class=\"wpforms-submit-container\" ><input type=\"hidden\" name=\"wpforms[id]\" value=\"764\"><input type=\"hidden\" name=\"page_title\" value=\"\"><input type=\"hidden\" name=\"page_url\" value=\"https:\/\/kollegger.net\/de\/wp-json\/wp\/v2\/pages\/770\"><input type=\"hidden\" name=\"url_referer\" value=\"\"><button type=\"submit\" name=\"wpforms[submit]\" id=\"wpforms-submit-764\" class=\"wpforms-submit\" data-alt-text=\"Sending...\" data-submit-text=\"Submit\" aria-live=\"assertive\" value=\"wpforms-submit\">Submit<\/button><img decoding=\"async\" data-src=\"https:\/\/kollegger.net\/wp-content\/plugins\/wpforms\/assets\/images\/submit-spin.svg\" class=\"wpforms-submit-spinner lazyload\" style=\"--smush-placeholder-width: 26px; --smush-placeholder-aspect-ratio: 26\/26;display: none;\" width=\"26\" height=\"26\" alt=\"Wird geladen\" src=\"data:image\/svg+xml;base64,PHN2ZyB3aWR0aD0iMSIgaGVpZ2h0PSIxIiB4bWxucz0iaHR0cDovL3d3dy53My5vcmcvMjAwMC9zdmciPjwvc3ZnPg==\"><\/div><input type=\"hidden\" name=\"trp-form-language\" value=\"de\"\/><\/form><\/div>  <!-- .wpforms-container -->\n\t\t<\/div> \n\t<\/div>\n\t<\/div> \n<\/div><\/div>\n\t\t\t<\/div> \n\t\t<\/div>\n\t<\/div> \n<\/div><\/div>","protected":false},"excerpt":{"rendered":"About Kollegger Team Play Video Bitte aktiviere JavaScript in deinem Browser, um dieses Formular fertigzustellen.Bitte aktiviere JavaScript in deinem Browser, um dieses Formular fertigzustellen.Name *VornameNachnameEmail *Hast du bereits Erfahrung im...","protected":false},"author":1,"featured_media":0,"parent":0,"menu_order":0,"comment_status":"closed","ping_status":"closed","template":"","meta":{"footnotes":""},"class_list":["post-770","page","type-page","status-publish"],"yoast_head":"<!-- This site is optimized with the Yoast SEO plugin v26.5 - https:\/\/yoast.com\/wordpress\/plugins\/seo\/ -->\n<title>About Copy Copy - Kollegger Metallbau GmbH<\/title>\n<meta name=\"robots\" content=\"index, follow, max-snippet:-1, max-image-preview:large, max-video-preview:-1\" \/>\n<link rel=\"canonical\" href=\"https:\/\/kollegger.net\/de\/about-copy-copy\/\" \/>\n<meta property=\"og:locale\" content=\"de_DE\" \/>\n<meta property=\"og:type\" content=\"article\" \/>\n<meta property=\"og:title\" content=\"About Copy Copy - Kollegger Metallbau GmbH\" \/>\n<meta property=\"og:url\" content=\"https:\/\/kollegger.net\/de\/about-copy-copy\/\" \/>\n<meta property=\"og:site_name\" content=\"Kollegger Metallbau GmbH\" \/>\n<meta property=\"article:modified_time\" content=\"2025-10-14T11:33:01+00:00\" \/>\n<meta name=\"twitter:card\" content=\"summary_large_image\" \/>\n<meta name=\"twitter:label1\" content=\"Gesch\u00e4tzte Lesezeit\" \/>\n\t<meta name=\"twitter:data1\" content=\"5\u00a0Minuten\" \/>\n<script type=\"application\/ld+json\" class=\"yoast-schema-graph\">{\"@context\":\"https:\/\/schema.org\",\"@graph\":[{\"@type\":\"WebPage\",\"@id\":\"https:\/\/kollegger.net\/about-copy-copy\/\",\"url\":\"https:\/\/kollegger.net\/about-copy-copy\/\",\"name\":\"About Copy Copy - Kollegger Metallbau GmbH\",\"isPartOf\":{\"@id\":\"https:\/\/kollegger.net\/#website\"},\"datePublished\":\"2025-10-14T11:31:32+00:00\",\"dateModified\":\"2025-10-14T11:33:01+00:00\",\"breadcrumb\":{\"@id\":\"https:\/\/kollegger.net\/about-copy-copy\/#breadcrumb\"},\"inLanguage\":\"de\",\"potentialAction\":[{\"@type\":\"ReadAction\",\"target\":[\"https:\/\/kollegger.net\/about-copy-copy\/\"]}]},{\"@type\":\"BreadcrumbList\",\"@id\":\"https:\/\/kollegger.net\/about-copy-copy\/#breadcrumb\",\"itemListElement\":[{\"@type\":\"ListItem\",\"position\":1,\"name\":\"Startseite\",\"item\":\"https:\/\/kollegger.net\/\"},{\"@type\":\"ListItem\",\"position\":2,\"name\":\"About Copy Copy\"}]},{\"@type\":\"WebSite\",\"@id\":\"https:\/\/kollegger.net\/#website\",\"url\":\"https:\/\/kollegger.net\/\",\"name\":\"Kollegger\",\"description\":\"Kollegger Metallbau \u2013 Pr\u00e4zisionsmetallbau f\u00fcr Architektur und Industrie in \u00d6sterreich Metallbau \u2013 Ma\u00dfgeschneiderter Metallbau in \u00d6sterreich\",\"publisher\":{\"@id\":\"https:\/\/kollegger.net\/#organization\"},\"potentialAction\":[{\"@type\":\"SearchAction\",\"target\":{\"@type\":\"EntryPoint\",\"urlTemplate\":\"https:\/\/kollegger.net\/?s={search_term_string}\"},\"query-input\":{\"@type\":\"PropertyValueSpecification\",\"valueRequired\":true,\"valueName\":\"search_term_string\"}}],\"inLanguage\":\"de\"},{\"@type\":\"Organization\",\"@id\":\"https:\/\/kollegger.net\/#organization\",\"name\":\"Kollegger\",\"url\":\"https:\/\/kollegger.net\/\",\"logo\":{\"@type\":\"ImageObject\",\"inLanguage\":\"de\",\"@id\":\"https:\/\/kollegger.net\/#\/schema\/logo\/image\/\",\"url\":\"https:\/\/kollegger.net\/wp-content\/uploads\/2025\/02\/kl.png\",\"contentUrl\":\"https:\/\/kollegger.net\/wp-content\/uploads\/2025\/02\/kl.png\",\"width\":295,\"height\":294,\"caption\":\"Kollegger\"},\"image\":{\"@id\":\"https:\/\/kollegger.net\/#\/schema\/logo\/image\/\"}}]}<\/script>\n<!-- \/ Yoast SEO plugin. -->","yoast_head_json":{"title":"About Copy Copy - Kollegger Metallbau GmbH","robots":{"index":"index","follow":"follow","max-snippet":"max-snippet:-1","max-image-preview":"max-image-preview:large","max-video-preview":"max-video-preview:-1"},"canonical":"https:\/\/kollegger.net\/de\/about-copy-copy\/","og_locale":"de_DE","og_type":"article","og_title":"About Copy Copy - Kollegger Metallbau GmbH","og_url":"https:\/\/kollegger.net\/de\/about-copy-copy\/","og_site_name":"Kollegger Metallbau GmbH","article_modified_time":"2025-10-14T11:33:01+00:00","twitter_card":"summary_large_image","twitter_misc":{"Gesch\u00e4tzte Lesezeit":"5\u00a0Minuten"},"schema":{"@context":"https:\/\/schema.org","@graph":[{"@type":"WebPage","@id":"https:\/\/kollegger.net\/about-copy-copy\/","url":"https:\/\/kollegger.net\/about-copy-copy\/","name":"About Copy Copy - Kollegger Metallbau GmbH","isPartOf":{"@id":"https:\/\/kollegger.net\/#website"},"datePublished":"2025-10-14T11:31:32+00:00","dateModified":"2025-10-14T11:33:01+00:00","breadcrumb":{"@id":"https:\/\/kollegger.net\/about-copy-copy\/#breadcrumb"},"inLanguage":"de","potentialAction":[{"@type":"ReadAction","target":["https:\/\/kollegger.net\/about-copy-copy\/"]}]},{"@type":"BreadcrumbList","@id":"https:\/\/kollegger.net\/about-copy-copy\/#breadcrumb","itemListElement":[{"@type":"ListItem","position":1,"name":"Startseite","item":"https:\/\/kollegger.net\/"},{"@type":"ListItem","position":2,"name":"About Copy Copy"}]},{"@type":"WebSite","@id":"https:\/\/kollegger.net\/#website","url":"https:\/\/kollegger.net\/","name":"Kollegger Metallbau \u2013 Pr\u00e4zisionsmetallbau f\u00fcr Architektur und Industrie in \u00d6sterreich","description":"Kollegger Metallbau \u2013 Pr\u00e4zisionsmetallbau f\u00fcr Architektur und Industrie in \u00d6sterreich Metallbau \u2013 Ma\u00dfgeschneiderter Metallbau in \u00d6sterreich","publisher":{"@id":"https:\/\/kollegger.net\/#organization"},"potentialAction":[{"@type":"SearchAction","target":{"@type":"EntryPoint","urlTemplate":"https:\/\/kollegger.net\/?s={search_term_string}"},"query-input":{"@type":"PropertyValueSpecification","valueRequired":true,"valueName":"search_term_string"}}],"inLanguage":"de"},{"@type":"Organization","@id":"https:\/\/kollegger.net\/#organization","name":"Kollegger Metallbau \u2013 Pr\u00e4zisionsmetallbau f\u00fcr Architektur und Industrie in \u00d6sterreich","url":"https:\/\/kollegger.net\/","logo":{"@type":"ImageObject","inLanguage":"de","@id":"https:\/\/kollegger.net\/#\/schema\/logo\/image\/","url":"https:\/\/kollegger.net\/wp-content\/uploads\/2025\/02\/kl.png","contentUrl":"https:\/\/kollegger.net\/wp-content\/uploads\/2025\/02\/kl.png","width":295,"height":294,"caption":"Kollegger"},"image":{"@id":"https:\/\/kollegger.net\/#\/schema\/logo\/image\/"}}]}},"_links":{"self":[{"href":"https:\/\/kollegger.net\/de\/wp-json\/wp\/v2\/pages\/770","targetHints":{"allow":["GET"]}}],"collection":[{"href":"https:\/\/kollegger.net\/de\/wp-json\/wp\/v2\/pages"}],"about":[{"href":"https:\/\/kollegger.net\/de\/wp-json\/wp\/v2\/types\/page"}],"author":[{"embeddable":true,"href":"https:\/\/kollegger.net\/de\/wp-json\/wp\/v2\/users\/1"}],"replies":[{"embeddable":true,"href":"https:\/\/kollegger.net\/de\/wp-json\/wp\/v2\/comments?post=770"}],"version-history":[{"count":1,"href":"https:\/\/kollegger.net\/de\/wp-json\/wp\/v2\/pages\/770\/revisions"}],"predecessor-version":[{"id":771,"href":"https:\/\/kollegger.net\/de\/wp-json\/wp\/v2\/pages\/770\/revisions\/771"}],"wp:attachment":[{"href":"https:\/\/kollegger.net\/de\/wp-json\/wp\/v2\/media?parent=770"}],"curies":[{"name":"wp","href":"https:\/\/api.w.org\/{rel}","templated":true}]}}