{"id":903,"date":"2025-11-14T13:01:47","date_gmt":"2025-11-14T12:01:47","guid":{"rendered":"https:\/\/kollegger.net.astronomix.koerbler.com\/?page_id=903"},"modified":"2025-11-14T13:03:56","modified_gmt":"2025-11-14T12:03:56","slug":"tesekuerler","status":"publish","type":"page","link":"https:\/\/kollegger.net\/de\/tesekuerler\/","title":{"rendered":"tesek\u00fcrler"},"content":{"rendered":"<div id=\"fws_69f27cd8cf0ad\"  data-column-margin=\"default\" data-midnight=\"dark\"  class=\"wpb_row vc_row-fluid vc_row full-width-section\"  style=\"padding-top: 0px; padding-bottom: 0px; \"><div class=\"row-bg-wrap\" data-bg-animation=\"none\" data-bg-animation-delay=\"\" data-bg-overlay=\"false\"><div class=\"inner-wrap row-bg-layer\" ><div class=\"row-bg viewport-desktop\"  style=\"\"><\/div><\/div><\/div><div class=\"row_col_wrap_12 col span_12 dark left\">\n\t<div  class=\"vc_col-sm-12 wpb_column column_container vc_column_container col has-animation el_spacing_20px bottom_padding_desktop_20px\"  data-padding-pos=\"all\" data-has-bg-color=\"false\" data-bg-color=\"\" data-bg-opacity=\"1\" data-animation=\"slight-fade-in-from-bottom\" data-delay=\"0\" >\n\t\t<div class=\"vc_column-inner\" >\n\t\t\t<div class=\"wpb_wrapper\">\n\t\t\t\t<div id=\"fws_69f27cd8cf83b\" data-midnight=\"\" data-column-margin=\"default\" class=\"wpb_row vc_row-fluid vc_row inner_row  top_padding_tablet_20px bottom_padding_tablet_0px\"  style=\"padding-top: 10px; padding-bottom: 10px; \"><div class=\"row-bg-wrap\"> <div class=\"row-bg\" ><\/div> <\/div><div class=\"row_col_wrap_12_inner col span_12  left\">\n\t<div  class=\"vc_col-sm-12 wpb_column column_container vc_column_container col child_column no-extra-padding inherit_tablet inherit_phone\"   data-padding-pos=\"all\" data-has-bg-color=\"false\" data-bg-color=\"\" data-bg-opacity=\"1\" data-animation=\"\" data-delay=\"0\" >\n\t\t<div class=\"vc_column-inner\" >\n\t\t<div class=\"wpb_wrapper\">\n\t\t\t<div class=\"nectar-split-heading\" data-align=\"default\" data-m-align=\"inherit\" data-text-effect=\"none\" data-animation-type=\"line-reveal-by-space\" data-animation-delay=\"0\" data-animation-offset=\"\" data-m-rm-animation=\"\" data-stagger=\"\" data-custom-font-size=\"false\" data-has-fit-text=\"true\" ><h1 >Te\u015fekk\u00fcrler.<\/h1><\/div>\n\t\t<\/div> \n\t<\/div>\n\t<\/div> \n<\/div><\/div><div id=\"fws_69f27cd8cfee8\" data-midnight=\"\" data-column-margin=\"default\" class=\"wpb_row vc_row-fluid vc_row inner_row\"  style=\"\"><div class=\"row-bg-wrap\"> <div class=\"row-bg\" ><\/div> <\/div><div class=\"row_col_wrap_12_inner col span_12  left\">\n\t<div  class=\"vc_col-sm-8 wpb_column column_container vc_column_container col child_column no-extra-padding force-phone-text-align-center inherit_tablet inherit_phone\"    data-t-w-inherits=\"small_desktop\" data-padding-pos=\"all\" data-has-bg-color=\"false\" data-bg-color=\"\" data-bg-opacity=\"1\" data-animation=\"\" data-delay=\"0\" >\n\t\t<div class=\"vc_column-inner\" >\n\t\t<div class=\"wpb_wrapper\">\n\t\t\t<div class=\"nectar-responsive-text font_line_height_1-5 nectar-link-underline-effect\"><p data-start=\"27\" data-end=\"191\"><strong>HIRT kinetics<\/strong> \u2013 G\u00f6r\u00fcnmez teknoloji. <strong>S\u0131n\u0131rs\u0131z \u00f6zg\u00fcrl\u00fck.<\/strong><br data-start=\"81\" data-end=\"84\" \/>Sorgunuzu ald\u0131k ve talep etti\u011finiz bilgilerle birlikte bir sonraki ad\u0131mlar\u0131 en k\u0131sa s\u00fcrede size iletece\u011fiz.<\/p>\n<p data-start=\"193\" data-end=\"297\">Ekibimiz, size en uygun ve \u00f6zel \u00e7\u00f6z\u00fcmleri sunabilmek i\u00e7in proje detaylar\u0131n\u0131z\u0131 dikkatlice inceleyecektir.<\/p>\n<p data-start=\"299\" data-end=\"444\">Daha erken bir \u015feye ihtiyac\u0131n\u0131z olursa, bizimle do\u011frudan ileti\u015fime ge\u00e7mekten veya az \u00f6nce ald\u0131\u011f\u0131n\u0131z teyit e-postas\u0131na yan\u0131t vermekten \u00e7ekinmeyin.<\/p>\n<p data-start=\"446\" data-end=\"501\" data-is-last-node=\"\" data-is-only-node=\"\"><strong>Vizyonunuzu ger\u00e7e\u011fe d\u00f6n\u00fc\u015ft\u00fcrmek i\u00e7in sab\u0131rs\u0131zlan\u0131yoruz.<\/strong><\/p>\n<\/div>\n\t\t<\/div> \n\t<\/div>\n\t<\/div> \n<\/div><\/div>\n\t\t\t<\/div> \n\t\t<\/div>\n\t<\/div> \n<\/div><\/div>\n\t\t<div id=\"fws_69f27cd8d0600\"  data-column-margin=\"default\" data-midnight=\"dark\"  class=\"wpb_row vc_row-fluid vc_row\"  style=\"padding-top: 0px; padding-bottom: 0px; \"><div class=\"row-bg-wrap\" data-bg-animation=\"none\" data-bg-animation-delay=\"\" data-bg-overlay=\"false\"><div class=\"inner-wrap row-bg-layer\" ><div class=\"row-bg viewport-desktop\"  style=\"\"><\/div><\/div><\/div><div class=\"row_col_wrap_12 col span_12 dark left\">\n\t<div  class=\"vc_col-sm-12 wpb_column column_container vc_column_container col no-extra-padding inherit_tablet inherit_phone\"  data-padding-pos=\"all\" data-has-bg-color=\"false\" data-bg-color=\"\" data-bg-opacity=\"1\" data-animation=\"\" data-delay=\"0\" >\n\t\t<div class=\"vc_column-inner\" >\n\t\t\t<div class=\"wpb_wrapper\">\n\t\t\t\t<div class=\"nectar_image_with_hotspots\" data-stlye=\"color_pulse\" data-hotspot-icon=\"plus_sign\" data-size=\"medium\" data-color=\"accent-color\" data-tooltip-func=\"hover\" data-tooltip_shadow=\"small_depth\" data-animation=\"\"><img decoding=\"async\" width=\"1920\" height=\"681\" data-src=\"https:\/\/kollegger.net\/wp-content\/uploads\/2025\/11\/website_thankyou.jpg\" class=\"attachment-full size-full lazyload\" alt=\"\" data-srcset=\"https:\/\/kollegger.net\/wp-content\/uploads\/2025\/11\/website_thankyou.jpg 1920w, https:\/\/kollegger.net\/wp-content\/uploads\/2025\/11\/website_thankyou-300x106.jpg 300w, https:\/\/kollegger.net\/wp-content\/uploads\/2025\/11\/website_thankyou-1024x363.jpg 1024w, https:\/\/kollegger.net\/wp-content\/uploads\/2025\/11\/website_thankyou-768x272.jpg 768w, https:\/\/kollegger.net\/wp-content\/uploads\/2025\/11\/website_thankyou-1536x545.jpg 1536w\" data-sizes=\"(max-width: 1920px) 100vw, 1920px\" src=\"data:image\/svg+xml;base64,PHN2ZyB3aWR0aD0iMSIgaGVpZ2h0PSIxIiB4bWxucz0iaHR0cDovL3d3dy53My5vcmcvMjAwMC9zdmciPjwvc3ZnPg==\" style=\"--smush-placeholder-width: 1920px; --smush-placeholder-aspect-ratio: 1920\/681;\" \/><div class=\"nectar_hotspot_wrap\" style=\"top: 24.8667%; left: 40.7643%;\"><div class=\"nectar_hotspot\"><span><\/span><\/div><div class=\"nttip\" data-tooltip-position=\"top\"><div class=\"inner\">True luxury has no limit\u00b4s<\/div><\/div><\/div><\/div>\n\t\t\t<\/div> \n\t\t<\/div>\n\t<\/div> \n<\/div><\/div>","protected":false},"excerpt":{"rendered":"Te\u015fekk\u00fcrler. HIRT kinetics \u2013 G\u00f6r\u00fcnmez teknoloji. S\u0131n\u0131rs\u0131z \u00f6zg\u00fcrl\u00fck.Sorgunuzu ald\u0131k ve talep etti\u011finiz bilgilerle birlikte bir sonraki ad\u0131mlar\u0131 en k\u0131sa s\u00fcrede size iletece\u011fiz. Ekibimiz, size en uygun ve \u00f6zel \u00e7\u00f6z\u00fcmleri sunabilmek...","protected":false},"author":1,"featured_media":0,"parent":0,"menu_order":0,"comment_status":"closed","ping_status":"closed","template":"","meta":{"footnotes":""},"class_list":["post-903","page","type-page","status-publish"],"yoast_head":"<!-- This site is optimized with the Yoast SEO plugin v26.5 - https:\/\/yoast.com\/wordpress\/plugins\/seo\/ -->\n<title>tesek\u00fcrler - Kollegger Metallbau GmbH<\/title>\n<meta name=\"robots\" content=\"index, follow, max-snippet:-1, max-image-preview:large, max-video-preview:-1\" \/>\n<link rel=\"canonical\" href=\"https:\/\/kollegger.net\/de\/tesekuerler\/\" \/>\n<meta property=\"og:locale\" content=\"de_DE\" \/>\n<meta property=\"og:type\" content=\"article\" \/>\n<meta property=\"og:title\" content=\"tesek\u00fcrler - Kollegger Metallbau GmbH\" \/>\n<meta property=\"og:url\" content=\"https:\/\/kollegger.net\/de\/tesekuerler\/\" \/>\n<meta property=\"og:site_name\" content=\"Kollegger Metallbau GmbH\" \/>\n<meta property=\"article:modified_time\" content=\"2025-11-14T12:03:56+00:00\" \/>\n<meta name=\"twitter:card\" content=\"summary_large_image\" \/>\n<meta name=\"twitter:label1\" content=\"Gesch\u00e4tzte Lesezeit\" \/>\n\t<meta name=\"twitter:data1\" content=\"4\u00a0Minuten\" \/>\n<script type=\"application\/ld+json\" class=\"yoast-schema-graph\">{\"@context\":\"https:\/\/schema.org\",\"@graph\":[{\"@type\":\"WebPage\",\"@id\":\"https:\/\/kollegger.net\/tesekuerler\/\",\"url\":\"https:\/\/kollegger.net\/tesekuerler\/\",\"name\":\"tesek\u00fcrler - Kollegger Metallbau GmbH\",\"isPartOf\":{\"@id\":\"https:\/\/kollegger.net\/#website\"},\"datePublished\":\"2025-11-14T12:01:47+00:00\",\"dateModified\":\"2025-11-14T12:03:56+00:00\",\"breadcrumb\":{\"@id\":\"https:\/\/kollegger.net\/tesekuerler\/#breadcrumb\"},\"inLanguage\":\"de\",\"potentialAction\":[{\"@type\":\"ReadAction\",\"target\":[\"https:\/\/kollegger.net\/tesekuerler\/\"]}]},{\"@type\":\"BreadcrumbList\",\"@id\":\"https:\/\/kollegger.net\/tesekuerler\/#breadcrumb\",\"itemListElement\":[{\"@type\":\"ListItem\",\"position\":1,\"name\":\"Startseite\",\"item\":\"https:\/\/kollegger.net\/\"},{\"@type\":\"ListItem\",\"position\":2,\"name\":\"tesek\u00fcrler\"}]},{\"@type\":\"WebSite\",\"@id\":\"https:\/\/kollegger.net\/#website\",\"url\":\"https:\/\/kollegger.net\/\",\"name\":\"Kollegger\",\"description\":\"Kollegger Metallbau \u2013 Pr\u00e4zisionsmetallbau f\u00fcr Architektur und Industrie in \u00d6sterreich Metallbau \u2013 Ma\u00dfgeschneiderter Metallbau in \u00d6sterreich\",\"publisher\":{\"@id\":\"https:\/\/kollegger.net\/#organization\"},\"potentialAction\":[{\"@type\":\"SearchAction\",\"target\":{\"@type\":\"EntryPoint\",\"urlTemplate\":\"https:\/\/kollegger.net\/?s={search_term_string}\"},\"query-input\":{\"@type\":\"PropertyValueSpecification\",\"valueRequired\":true,\"valueName\":\"search_term_string\"}}],\"inLanguage\":\"de\"},{\"@type\":\"Organization\",\"@id\":\"https:\/\/kollegger.net\/#organization\",\"name\":\"Kollegger\",\"url\":\"https:\/\/kollegger.net\/\",\"logo\":{\"@type\":\"ImageObject\",\"inLanguage\":\"de\",\"@id\":\"https:\/\/kollegger.net\/#\/schema\/logo\/image\/\",\"url\":\"https:\/\/kollegger.net\/wp-content\/uploads\/2025\/02\/kl.png\",\"contentUrl\":\"https:\/\/kollegger.net\/wp-content\/uploads\/2025\/02\/kl.png\",\"width\":295,\"height\":294,\"caption\":\"Kollegger\"},\"image\":{\"@id\":\"https:\/\/kollegger.net\/#\/schema\/logo\/image\/\"}}]}<\/script>\n<!-- \/ Yoast SEO plugin. -->","yoast_head_json":{"title":"tesek\u00fcrler - Kollegger Metallbau GmbH","robots":{"index":"index","follow":"follow","max-snippet":"max-snippet:-1","max-image-preview":"max-image-preview:large","max-video-preview":"max-video-preview:-1"},"canonical":"https:\/\/kollegger.net\/de\/tesekuerler\/","og_locale":"de_DE","og_type":"article","og_title":"tesek\u00fcrler - Kollegger Metallbau GmbH","og_url":"https:\/\/kollegger.net\/de\/tesekuerler\/","og_site_name":"Kollegger Metallbau GmbH","article_modified_time":"2025-11-14T12:03:56+00:00","twitter_card":"summary_large_image","twitter_misc":{"Gesch\u00e4tzte Lesezeit":"4\u00a0Minuten"},"schema":{"@context":"https:\/\/schema.org","@graph":[{"@type":"WebPage","@id":"https:\/\/kollegger.net\/tesekuerler\/","url":"https:\/\/kollegger.net\/tesekuerler\/","name":"tesek\u00fcrler - Kollegger Metallbau GmbH","isPartOf":{"@id":"https:\/\/kollegger.net\/#website"},"datePublished":"2025-11-14T12:01:47+00:00","dateModified":"2025-11-14T12:03:56+00:00","breadcrumb":{"@id":"https:\/\/kollegger.net\/tesekuerler\/#breadcrumb"},"inLanguage":"de","potentialAction":[{"@type":"ReadAction","target":["https:\/\/kollegger.net\/tesekuerler\/"]}]},{"@type":"BreadcrumbList","@id":"https:\/\/kollegger.net\/tesekuerler\/#breadcrumb","itemListElement":[{"@type":"ListItem","position":1,"name":"Startseite","item":"https:\/\/kollegger.net\/"},{"@type":"ListItem","position":2,"name":"tesek\u00fcrler"}]},{"@type":"WebSite","@id":"https:\/\/kollegger.net\/#website","url":"https:\/\/kollegger.net\/","name":"Kollegger Metallbau \u2013 Pr\u00e4zisionsmetallbau f\u00fcr Architektur und Industrie in \u00d6sterreich","description":"Kollegger Metallbau \u2013 Pr\u00e4zisionsmetallbau f\u00fcr Architektur und Industrie in \u00d6sterreich Metallbau \u2013 Ma\u00dfgeschneiderter Metallbau in \u00d6sterreich","publisher":{"@id":"https:\/\/kollegger.net\/#organization"},"potentialAction":[{"@type":"SearchAction","target":{"@type":"EntryPoint","urlTemplate":"https:\/\/kollegger.net\/?s={search_term_string}"},"query-input":{"@type":"PropertyValueSpecification","valueRequired":true,"valueName":"search_term_string"}}],"inLanguage":"de"},{"@type":"Organization","@id":"https:\/\/kollegger.net\/#organization","name":"Kollegger Metallbau \u2013 Pr\u00e4zisionsmetallbau f\u00fcr Architektur und Industrie in \u00d6sterreich","url":"https:\/\/kollegger.net\/","logo":{"@type":"ImageObject","inLanguage":"de","@id":"https:\/\/kollegger.net\/#\/schema\/logo\/image\/","url":"https:\/\/kollegger.net\/wp-content\/uploads\/2025\/02\/kl.png","contentUrl":"https:\/\/kollegger.net\/wp-content\/uploads\/2025\/02\/kl.png","width":295,"height":294,"caption":"Kollegger"},"image":{"@id":"https:\/\/kollegger.net\/#\/schema\/logo\/image\/"}}]}},"_links":{"self":[{"href":"https:\/\/kollegger.net\/de\/wp-json\/wp\/v2\/pages\/903","targetHints":{"allow":["GET"]}}],"collection":[{"href":"https:\/\/kollegger.net\/de\/wp-json\/wp\/v2\/pages"}],"about":[{"href":"https:\/\/kollegger.net\/de\/wp-json\/wp\/v2\/types\/page"}],"author":[{"embeddable":true,"href":"https:\/\/kollegger.net\/de\/wp-json\/wp\/v2\/users\/1"}],"replies":[{"embeddable":true,"href":"https:\/\/kollegger.net\/de\/wp-json\/wp\/v2\/comments?post=903"}],"version-history":[{"count":2,"href":"https:\/\/kollegger.net\/de\/wp-json\/wp\/v2\/pages\/903\/revisions"}],"predecessor-version":[{"id":905,"href":"https:\/\/kollegger.net\/de\/wp-json\/wp\/v2\/pages\/903\/revisions\/905"}],"wp:attachment":[{"href":"https:\/\/kollegger.net\/de\/wp-json\/wp\/v2\/media?parent=903"}],"curies":[{"name":"wp","href":"https:\/\/api.w.org\/{rel}","templated":true}]}}