{"id":944,"date":"2025-11-28T14:08:15","date_gmt":"2025-11-28T13:08:15","guid":{"rendered":"https:\/\/kollegger.net.astronomix.koerbler.com\/?page_id=944"},"modified":"2026-02-03T07:00:35","modified_gmt":"2026-02-03T06:00:35","slug":"bewerbung","status":"publish","type":"page","link":"https:\/\/kollegger.net\/de\/bewerbung\/","title":{"rendered":"Bewerbung-Montageleiter"},"content":{"rendered":"<div id=\"fws_69e30b7749d44\"  data-column-margin=\"default\" data-midnight=\"light\" data-top-percent=\"10%\" data-bottom-percent=\"5%\"  class=\"wpb_row vc_row-fluid vc_row full-width-section  top_padding_tablet_20pct bottom_padding_tablet_10pct\"  style=\"padding-top: calc(100vw * 0.10); padding-bottom: calc(100vw * 0.05); \"><div class=\"row-bg-wrap\" data-bg-animation=\"none\" data-bg-animation-delay=\"\" data-bg-overlay=\"false\"><div class=\"inner-wrap row-bg-layer\" ><div class=\"row-bg viewport-desktop using-bg-color\"  style=\"background-color: #000000; \"><\/div><\/div><\/div><div class=\"row_col_wrap_12 col span_12 light left\">\n\t<div  class=\"vc_col-sm-12 wpb_column column_container vc_column_container col no-extra-padding inherit_tablet inherit_phone\"  data-padding-pos=\"all\" data-has-bg-color=\"false\" data-bg-color=\"\" data-bg-opacity=\"1\" data-animation=\"\" data-delay=\"0\" >\n\t\t<div class=\"vc_column-inner\" >\n\t\t\t<div class=\"wpb_wrapper\">\n\t\t\t\t<div id=\"fws_69e30b774a180\" data-midnight=\"\" data-column-margin=\"default\" class=\"wpb_row vc_row-fluid vc_row inner_row  right_padding_20pct\"  style=\"\"><div class=\"row-bg-wrap\"> <div class=\"row-bg\" ><\/div> <\/div><div class=\"row_col_wrap_12_inner col span_12  left\">\n\t<div  class=\"vc_col-sm-12 wpb_column column_container vc_column_container col child_column no-extra-padding inherit_tablet inherit_phone\"   data-padding-pos=\"all\" data-has-bg-color=\"false\" data-bg-color=\"\" data-bg-opacity=\"1\" data-animation=\"\" data-delay=\"0\" >\n\t\t<div class=\"vc_column-inner\" >\n\t\t<div class=\"wpb_wrapper\">\n\t\t\t<div class=\"nectar-split-heading\" data-align=\"default\" data-m-align=\"inherit\" data-text-effect=\"default\" data-animation-type=\"line-reveal-by-space\" data-animation-delay=\"0\" data-animation-offset=\"\" data-m-rm-animation=\"\" data-stagger=\"\" data-custom-font-size=\"false\" ><h1 >JETZT BEWERBEN - MONTAGELEITER<\/h1><\/div><p style=\"font-size: 18px;line-height: 1.8;text-align: left\" class=\"vc_custom_heading vc_do_custom_heading\" >Unser Unternehmen sucht erfahrene F\u00fchrungspers\u00f6nlichkeiten f\u00fcr die Montage von Bauprojekten im In- und Ausland. Als Projektleiter \u00fcbernehmen Sie die Gesamtverantwortung f\u00fcr die Organisation und Durchf\u00fchrung von Baustellen, f\u00fchren ein Team von durchschnittlich drei Mitarbeitenden und arbeiten aktiv am Projekterfolg mit.<\/p>\n\t\t<\/div> \n\t<\/div>\n\t<\/div> \n<\/div><\/div><div id=\"fws_69e30b774a78d\" data-midnight=\"\" data-column-margin=\"default\" class=\"wpb_row vc_row-fluid vc_row inner_row vc_row-o-equal-height vc_row-flex vc_row-o-content-middle\"  style=\"padding-top: 15px; \"><div class=\"row-bg-wrap\"> <div class=\"row-bg\" ><\/div> <\/div><div class=\"row_col_wrap_12_inner col span_12  left\">\n\t<div  class=\"vc_col-sm-6 vc_col-md-6 wpb_column column_container vc_column_container col child_column has-animation no-extra-padding inherit_tablet inherit_phone\"    data-t-w-inherits=\"small_desktop\" data-padding-pos=\"all\" data-has-bg-color=\"false\" data-bg-color=\"\" data-bg-opacity=\"1\" data-animation=\"fade-in-from-bottom\" data-delay=\"0\" >\n\t\t<div class=\"vc_column-inner\" >\n\t\t<div class=\"wpb_wrapper\">\n\t\t\t<p style=\"font-size: 18px;line-height: 1.8;text-align: left\" class=\"vc_custom_heading vc_do_custom_heading\" >Ihre Aufgaben:<br \/>\n\u2022 Eigenst\u00e4ndige Leitung und Organisation von Baustellen (national und international)<br \/>\n\u2022 Koordination aller logistischen Abl\u00e4ufe (u. a. Fahrzeuge, Hotels, Transfers)<br \/>\n\u2022 Durchf\u00fchrung und Teilnahme an Baubesprechungen (im Ausland immer auf Englisch)<br \/>\n\u2022 Einsatz- und Aufgabenplanung der Teammitglieder<br \/>\n\u2022 Aktive Mitarbeit auf der Baustelle sowie \u00dcbernahme von Verantwortung f\u00fcr Qualit\u00e4t und Termine<br \/>\n\u2022 Anwendung und Umsetzung von technischen Unterlagen, Skizzen und Werkzeichnungen<br \/>\n\u2022 Fertigung und Montage von Stahl und Aluminium Konstruktionen sowie Fassaden<br \/>\n\u2022 Montage von Senkfronten https:\/\/kollegger.net\/de\/videos\/<\/p>\n<p>Ihr Profil:<br \/>\n\u2022 Mehrj\u00e4hrige Berufserfahrung im Fassadenbau<br \/>\n\u2022 Sehr gute Deutschkenntnisse in Wort und Schrift<br \/>\n\u2022 Gute Verst\u00e4ndigung in Englisch zwingend erforderlich<br \/>\n\u2022 Hohe Einsatzfreude, Flexibilit\u00e4t und Belastbarkeit<br \/>\n\u2022 F\u00fchrerschein Klasse B sowie eigenes Fahrzeug<br \/>\n\u2022 Einwandfreier Leumund<br \/>\n\u2022 Reisebereitschaft f\u00fcr internationale Projekte<\/p>\n<p>Was wir bieten:<br \/>\n\u2022 Dauerstelle in einem international t\u00e4tigen Unternehmen<br \/>\n\u2022 Angenehmes Betriebsklima<br \/>\n\u2022 Mitarbeit in einem engagierten und motivierten Team<br \/>\n\u2022 4-Tage Woche<\/p>\n<p>Bezahlung laut Kollektiv + Zulagen - mit Bereitschaft, je nach Qualifizierung, zur \u00dcberzahlung.<\/p>\n\t\t<\/div> \n\t<\/div>\n\t<\/div> \n\n\t<div  class=\"vc_col-sm-6 vc_col-md-6 wpb_column column_container vc_column_container col child_column has-animation no-extra-padding inherit_tablet inherit_phone\"    data-t-w-inherits=\"small_desktop\" data-padding-pos=\"all\" data-has-bg-color=\"false\" data-bg-color=\"\" data-bg-opacity=\"1\" data-animation=\"fade-in-from-bottom\" data-delay=\"0\" >\n\t\t<div class=\"vc_column-inner\" >\n\t\t<div class=\"wpb_wrapper\">\n\t\t\t\n\t\t<\/div> \n\t<\/div>\n\t<\/div> \n<\/div><\/div><div class=\"nectar-cta  alignment_tablet_default alignment_phone_left display_tablet_inherit display_phone_inherit\" data-color=\"accent-color\" data-using-bg=\"true\" data-style=\"see-through\" data-display=\"block\" data-alignment=\"right\" data-text-color=\"std\" style=\"margin-top: 20px; margin-bottom: 20px; \"><h6> <span class=\"text\"> <\/span><span class=\"link_wrap\" style=\"padding-top: 20px; padding-right: 50px; padding-bottom: 20px; padding-left: 50px;\"><a  class=\"link_text\" role=\"button\" href=\"https:\/\/kollegger.net\/de\/contact\/\">Jetzt bewerben<span class=\"arrow\"><\/span><\/a><\/span><\/h6><\/div>\n\t\t\t<\/div> \n\t\t<\/div>\n\t<\/div> \n<\/div><\/div>\n\t\t<div id=\"fws_69e30b774afc8\"  data-column-margin=\"default\" data-midnight=\"dark\" data-top-percent=\"12%\" data-bottom-percent=\"5%\"  class=\"wpb_row vc_row-fluid vc_row full-width-content vc_row-o-equal-height vc_row-flex vc_row-o-content-middle  right_padding_27vw left_padding_27vw bottom_padding_tablet_12pct right_padding_tablet_20vw right_padding_phone_7vw left_padding_tablet_20vw left_padding_phone_7vw\"  style=\"padding-top: calc(100vw * 0.12); padding-bottom: calc(100vw * 0.05); \"><div class=\"row-bg-wrap\" data-bg-animation=\"none\" data-bg-animation-delay=\"\" data-bg-overlay=\"false\"><div class=\"inner-wrap row-bg-layer\" ><div class=\"row-bg viewport-desktop\"  style=\"\"><\/div><\/div><\/div><div class=\"row_col_wrap_12 col span_12 dark left\">\n\t<div  class=\"vc_col-sm-12 wpb_column column_container vc_column_container col column_position_static el_spacing_0px\"  data-overlay-color=\"true\" data-padding-pos=\"all\" data-has-bg-color=\"false\" data-bg-color=\"\" data-bg-opacity=\"1\" data-animation=\"\" data-delay=\"0\" >\n\t\t<div class=\"vc_column-inner\" ><div class=\"column-bg-overlay-wrap column-bg-layer\" data-bg-animation=\"none\"><div class=\"column-bg-overlay\"><\/div><div class=\"column-overlay-layer\" style=\"\"><\/div><\/div>\n\t\t\t<div class=\"wpb_wrapper\">\n\t\t\t\t\n\t\t\t<\/div> \n\t\t<\/div>\n\t<\/div> \n<\/div><\/div>","protected":false},"excerpt":{"rendered":"JETZT BEWERBEN - MONTAGELEITERUnser Unternehmen sucht erfahrene F\u00fchrungspers\u00f6nlichkeiten f\u00fcr die Montage von Bauprojekten im In- und Ausland. Als Projektleiter \u00fcbernehmen Sie die Gesamtverantwortung f\u00fcr die Organisation und Durchf\u00fchrung von Baustellen,...","protected":false},"author":1,"featured_media":0,"parent":0,"menu_order":0,"comment_status":"closed","ping_status":"closed","template":"","meta":{"footnotes":""},"class_list":["post-944","page","type-page","status-publish"],"yoast_head":"<!-- This site is optimized with the Yoast SEO plugin v26.5 - https:\/\/yoast.com\/wordpress\/plugins\/seo\/ -->\n<title>Bewerbung-Montageleiter - Kollegger Metallbau GmbH<\/title>\n<meta name=\"robots\" content=\"index, follow, max-snippet:-1, max-image-preview:large, max-video-preview:-1\" \/>\n<link rel=\"canonical\" href=\"https:\/\/kollegger.net\/de\/bewerbung\/\" \/>\n<meta property=\"og:locale\" content=\"de_DE\" \/>\n<meta property=\"og:type\" content=\"article\" \/>\n<meta property=\"og:title\" content=\"Bewerbung-Montageleiter - Kollegger Metallbau GmbH\" \/>\n<meta property=\"og:url\" content=\"https:\/\/kollegger.net\/de\/bewerbung\/\" \/>\n<meta property=\"og:site_name\" content=\"Kollegger Metallbau GmbH\" \/>\n<meta property=\"article:modified_time\" content=\"2026-02-03T06:00:35+00:00\" \/>\n<meta name=\"twitter:card\" content=\"summary_large_image\" \/>\n<meta name=\"twitter:label1\" content=\"Gesch\u00e4tzte Lesezeit\" \/>\n\t<meta name=\"twitter:data1\" content=\"2\u00a0Minuten\" \/>\n<script type=\"application\/ld+json\" class=\"yoast-schema-graph\">{\"@context\":\"https:\/\/schema.org\",\"@graph\":[{\"@type\":\"WebPage\",\"@id\":\"https:\/\/kollegger.net\/bewerbung\/\",\"url\":\"https:\/\/kollegger.net\/bewerbung\/\",\"name\":\"Bewerbung-Montageleiter - Kollegger Metallbau GmbH\",\"isPartOf\":{\"@id\":\"https:\/\/kollegger.net\/#website\"},\"datePublished\":\"2025-11-28T13:08:15+00:00\",\"dateModified\":\"2026-02-03T06:00:35+00:00\",\"breadcrumb\":{\"@id\":\"https:\/\/kollegger.net\/bewerbung\/#breadcrumb\"},\"inLanguage\":\"de\",\"potentialAction\":[{\"@type\":\"ReadAction\",\"target\":[\"https:\/\/kollegger.net\/bewerbung\/\"]}]},{\"@type\":\"BreadcrumbList\",\"@id\":\"https:\/\/kollegger.net\/bewerbung\/#breadcrumb\",\"itemListElement\":[{\"@type\":\"ListItem\",\"position\":1,\"name\":\"Startseite\",\"item\":\"https:\/\/kollegger.net\/\"},{\"@type\":\"ListItem\",\"position\":2,\"name\":\"Bewerbung-Montageleiter\"}]},{\"@type\":\"WebSite\",\"@id\":\"https:\/\/kollegger.net\/#website\",\"url\":\"https:\/\/kollegger.net\/\",\"name\":\"Kollegger\",\"description\":\"Kollegger Metallbau \u2013 Pr\u00e4zisionsmetallbau f\u00fcr Architektur und Industrie in \u00d6sterreich Metallbau \u2013 Ma\u00dfgeschneiderter Metallbau in \u00d6sterreich\",\"publisher\":{\"@id\":\"https:\/\/kollegger.net\/#organization\"},\"potentialAction\":[{\"@type\":\"SearchAction\",\"target\":{\"@type\":\"EntryPoint\",\"urlTemplate\":\"https:\/\/kollegger.net\/?s={search_term_string}\"},\"query-input\":{\"@type\":\"PropertyValueSpecification\",\"valueRequired\":true,\"valueName\":\"search_term_string\"}}],\"inLanguage\":\"de\"},{\"@type\":\"Organization\",\"@id\":\"https:\/\/kollegger.net\/#organization\",\"name\":\"Kollegger\",\"url\":\"https:\/\/kollegger.net\/\",\"logo\":{\"@type\":\"ImageObject\",\"inLanguage\":\"de\",\"@id\":\"https:\/\/kollegger.net\/#\/schema\/logo\/image\/\",\"url\":\"https:\/\/kollegger.net\/wp-content\/uploads\/2025\/02\/kl.png\",\"contentUrl\":\"https:\/\/kollegger.net\/wp-content\/uploads\/2025\/02\/kl.png\",\"width\":295,\"height\":294,\"caption\":\"Kollegger\"},\"image\":{\"@id\":\"https:\/\/kollegger.net\/#\/schema\/logo\/image\/\"}}]}<\/script>\n<!-- \/ Yoast SEO plugin. -->","yoast_head_json":{"title":"Bewerbung-Montageleiter - Kollegger Metallbau GmbH","robots":{"index":"index","follow":"follow","max-snippet":"max-snippet:-1","max-image-preview":"max-image-preview:large","max-video-preview":"max-video-preview:-1"},"canonical":"https:\/\/kollegger.net\/de\/bewerbung\/","og_locale":"de_DE","og_type":"article","og_title":"Bewerbung-Montageleiter - Kollegger Metallbau GmbH","og_url":"https:\/\/kollegger.net\/de\/bewerbung\/","og_site_name":"Kollegger Metallbau GmbH","article_modified_time":"2026-02-03T06:00:35+00:00","twitter_card":"summary_large_image","twitter_misc":{"Gesch\u00e4tzte Lesezeit":"2\u00a0Minuten"},"schema":{"@context":"https:\/\/schema.org","@graph":[{"@type":"WebPage","@id":"https:\/\/kollegger.net\/bewerbung\/","url":"https:\/\/kollegger.net\/bewerbung\/","name":"Bewerbung-Montageleiter - Kollegger Metallbau GmbH","isPartOf":{"@id":"https:\/\/kollegger.net\/#website"},"datePublished":"2025-11-28T13:08:15+00:00","dateModified":"2026-02-03T06:00:35+00:00","breadcrumb":{"@id":"https:\/\/kollegger.net\/bewerbung\/#breadcrumb"},"inLanguage":"de","potentialAction":[{"@type":"ReadAction","target":["https:\/\/kollegger.net\/bewerbung\/"]}]},{"@type":"BreadcrumbList","@id":"https:\/\/kollegger.net\/bewerbung\/#breadcrumb","itemListElement":[{"@type":"ListItem","position":1,"name":"Startseite","item":"https:\/\/kollegger.net\/"},{"@type":"ListItem","position":2,"name":"Bewerbung-Montageleiter"}]},{"@type":"WebSite","@id":"https:\/\/kollegger.net\/#website","url":"https:\/\/kollegger.net\/","name":"Kollegger Metallbau \u2013 Pr\u00e4zisionsmetallbau f\u00fcr Architektur und Industrie in \u00d6sterreich","description":"Kollegger Metallbau \u2013 Pr\u00e4zisionsmetallbau f\u00fcr Architektur und Industrie in \u00d6sterreich Metallbau \u2013 Ma\u00dfgeschneiderter Metallbau in \u00d6sterreich","publisher":{"@id":"https:\/\/kollegger.net\/#organization"},"potentialAction":[{"@type":"SearchAction","target":{"@type":"EntryPoint","urlTemplate":"https:\/\/kollegger.net\/?s={search_term_string}"},"query-input":{"@type":"PropertyValueSpecification","valueRequired":true,"valueName":"search_term_string"}}],"inLanguage":"de"},{"@type":"Organization","@id":"https:\/\/kollegger.net\/#organization","name":"Kollegger Metallbau \u2013 Pr\u00e4zisionsmetallbau f\u00fcr Architektur und Industrie in \u00d6sterreich","url":"https:\/\/kollegger.net\/","logo":{"@type":"ImageObject","inLanguage":"de","@id":"https:\/\/kollegger.net\/#\/schema\/logo\/image\/","url":"https:\/\/kollegger.net\/wp-content\/uploads\/2025\/02\/kl.png","contentUrl":"https:\/\/kollegger.net\/wp-content\/uploads\/2025\/02\/kl.png","width":295,"height":294,"caption":"Kollegger"},"image":{"@id":"https:\/\/kollegger.net\/#\/schema\/logo\/image\/"}}]}},"_links":{"self":[{"href":"https:\/\/kollegger.net\/de\/wp-json\/wp\/v2\/pages\/944","targetHints":{"allow":["GET"]}}],"collection":[{"href":"https:\/\/kollegger.net\/de\/wp-json\/wp\/v2\/pages"}],"about":[{"href":"https:\/\/kollegger.net\/de\/wp-json\/wp\/v2\/types\/page"}],"author":[{"embeddable":true,"href":"https:\/\/kollegger.net\/de\/wp-json\/wp\/v2\/users\/1"}],"replies":[{"embeddable":true,"href":"https:\/\/kollegger.net\/de\/wp-json\/wp\/v2\/comments?post=944"}],"version-history":[{"count":13,"href":"https:\/\/kollegger.net\/de\/wp-json\/wp\/v2\/pages\/944\/revisions"}],"predecessor-version":[{"id":1552,"href":"https:\/\/kollegger.net\/de\/wp-json\/wp\/v2\/pages\/944\/revisions\/1552"}],"wp:attachment":[{"href":"https:\/\/kollegger.net\/de\/wp-json\/wp\/v2\/media?parent=944"}],"curies":[{"name":"wp","href":"https:\/\/api.w.org\/{rel}","templated":true}]}}